{"id":285,"date":"2014-01-25T21:43:37","date_gmt":"2014-01-25T19:43:37","guid":{"rendered":"http:\/\/www.ouluntaiji.fi\/2014\/?page_id=285"},"modified":"2022-08-01T20:37:02","modified_gmt":"2022-08-01T17:37:02","slug":"treenit","status":"publish","type":"page","link":"https:\/\/ouluntaiji.fi\/2014\/treenit\/","title":{"rendered":"Treenikalenteri"},"content":{"rendered":"\n<div class=\"wp-block-group\"><div class=\"wp-block-group__inner-container is-layout-flow wp-block-group-is-layout-flow\">\n<div id=\":ob\" class=\"a3s aXjCH \">\n<div dir=\"ltr\"><a href=\"https:\/\/ouluntaiji.fi\/2014\/wp-content\/uploads\/2014\/01\/puistoharjoitukset.jpg\"><img loading=\"lazy\" decoding=\"async\" class=\"aligncenter size-full wp-image-1276\" src=\"https:\/\/ouluntaiji.fi\/2014\/wp-content\/uploads\/2014\/01\/puistoharjoitukset.jpg\" alt=\"puistoharjoitukset\" width=\"1592\" height=\"730\" srcset=\"https:\/\/ouluntaiji.fi\/2014\/wp-content\/uploads\/2014\/01\/puistoharjoitukset.jpg 1592w, https:\/\/ouluntaiji.fi\/2014\/wp-content\/uploads\/2014\/01\/puistoharjoitukset-500x229.jpg 500w, https:\/\/ouluntaiji.fi\/2014\/wp-content\/uploads\/2014\/01\/puistoharjoitukset-1000x459.jpg 1000w\" sizes=\"auto, (max-width: 1592px) 100vw, 1592px\" \/><\/a><\/div>\n<\/div>\n<p><span style=\"line-height: 1.5em;\">Saat lis\u00e4tietoja harjoituksista klikkaamalla kalenterin vuorolaatikkoa. <\/span><br><iframe loading=\"lazy\" style=\"border-width: 0;\" src=\"https:\/\/www.google.com\/calendar\/embed?mode=WEEK&amp;height=600&amp;wkst=2&amp;bgcolor=%23FFFFFF&amp;src=j6vgu25u2tb298ee80ep330e94%40group.calendar.google.com&amp;color=%23125A12&amp;ctz=Europe%2FHelsinki\" width=\"800\" height=\"600\" frameborder=\"0\" scrolling=\"no\"><\/iframe><\/p>\n<h2>Suora linkki seuran kalenteriin mobiililaitteita varten!<\/h2>\n<p><a href=\"https:\/\/www.google.com\/calendar\/embed?src=j6vgu25u2tb298ee80ep330e94%40group.calendar.google.com&amp;ctz=Europe\/Helsinki\" target=\"_blank\" rel=\"noopener noreferrer\">https:\/\/www.google.com\/calendar\/embed?src=j6vgu25u2tb298ee80ep330e94%40group.calendar.google.com&amp;ctz=Europe\/Helsinki<\/a><\/p>\n<p><script type=\"text\/javascript\">\/\/ <![CDATA[\nfunction init_map(){var myOptions = {zoom:17,center:new google.maps.LatLng(65.0194156377375,25.479171174343833),mapTypeId: google.maps.MapTypeId.HYBRID};map = new google.maps.Map(document.getElementById(\"gmap_canvas\"), myOptions);marker = new google.maps.Marker({map: map,position: new google.maps.LatLng(65.0194156377375, 25.479171174343833)});infowindow = new google.maps.InfoWindow({content:\"<b>Puistotreenit<\/b>\nAinolan puisto\n \" });google.maps.event.addListener(marker, \"click\", function(){infowindow.open(map,marker);});infowindow.open(map,marker);}google.maps.event.addDomListener(window, 'load', init_map);\n\/\/ ]]><\/script><br>Voit lis\u00e4t\u00e4 treenikalenterin omaan google-kalenteriisi seuraavasti:<a href=\"http:\/\/www.ouluntaiji.fi\/2014\/wp-content\/uploads\/2014\/01\/kalenteri.png\"><img loading=\"lazy\" decoding=\"async\" class=\"alignleft wp-image-1039\" src=\"http:\/\/www.ouluntaiji.fi\/2014\/wp-content\/uploads\/2014\/01\/kalenteri.png\" alt=\"kalenteri\" width=\"41\" height=\"112\"><\/a><\/p>\n<p>1. Muut kalenterit (pieni alasp\u00e4in nuoli-painike)<br>2. Lis\u00e4\u00e4 yst\u00e4v\u00e4si kalenteri<br>3. Kopioi t\u00e4m\u00e4 osoite:&nbsp;j6vgu25u2tb298ee80ep330e94@group.calendar.google.com<\/p>\n<\/div><\/div>\n\n\n\n<p><\/p>\n","protected":false},"excerpt":{"rendered":"<p>Saat lis\u00e4tietoja harjoituksista klikkaamalla kalenterin vuorolaatikkoa. Suora linkki seuran kalenteriin mobiililaitteita varten! https:\/\/www.google.com\/calendar\/embed?src=j6vgu25u2tb298ee80ep330e94%40group.calendar.google.com&amp;ctz=Europe\/Helsinki Voit lis\u00e4t\u00e4 treenikalenterin omaan google-kalenteriisi seuraavasti: 1. Muut kalenterit (pieni alasp\u00e4in nuoli-painike)2. Lis\u00e4\u00e4 yst\u00e4v\u00e4si kalenteri3. Kopioi t\u00e4m\u00e4 osoite:&nbsp;j6vgu25u2tb298ee80ep330e94@group.calendar.google.com<\/p>\n","protected":false},"author":1,"featured_media":0,"parent":0,"menu_order":0,"comment_status":"closed","ping_status":"closed","template":"template_fullwidth.php","meta":{"footnotes":""},"class_list":["post-285","page","type-page","status-publish","hentry"],"_links":{"self":[{"href":"https:\/\/ouluntaiji.fi\/2014\/wp-json\/wp\/v2\/pages\/285","targetHints":{"allow":["GET"]}}],"collection":[{"href":"https:\/\/ouluntaiji.fi\/2014\/wp-json\/wp\/v2\/pages"}],"about":[{"href":"https:\/\/ouluntaiji.fi\/2014\/wp-json\/wp\/v2\/types\/page"}],"author":[{"embeddable":true,"href":"https:\/\/ouluntaiji.fi\/2014\/wp-json\/wp\/v2\/users\/1"}],"replies":[{"embeddable":true,"href":"https:\/\/ouluntaiji.fi\/2014\/wp-json\/wp\/v2\/comments?post=285"}],"version-history":[{"count":59,"href":"https:\/\/ouluntaiji.fi\/2014\/wp-json\/wp\/v2\/pages\/285\/revisions"}],"predecessor-version":[{"id":3731,"href":"https:\/\/ouluntaiji.fi\/2014\/wp-json\/wp\/v2\/pages\/285\/revisions\/3731"}],"wp:attachment":[{"href":"https:\/\/ouluntaiji.fi\/2014\/wp-json\/wp\/v2\/media?parent=285"}],"curies":[{"name":"wp","href":"https:\/\/api.w.org\/{rel}","templated":true}]}}