{"id":2729,"date":"2017-05-27T16:19:26","date_gmt":"2017-05-27T13:19:26","guid":{"rendered":"http:\/\/ouluntaiji.fi\/2014\/?page_id=2729"},"modified":"2023-08-09T19:54:30","modified_gmt":"2023-08-09T16:54:30","slug":"oheistuotteet","status":"publish","type":"page","link":"https:\/\/ouluntaiji.fi\/2014\/oheistuotteet\/","title":{"rendered":"OTS 20v historiikki"},"content":{"rendered":"<h3>Valkea kaupunki levitt\u00e4\u00e4 siipens\u00e4, Oulun Taijiseuran 20. v historiikki<\/h3>\n<p>Oulun Taijiseura on perustettu v. 1992. Vuonna 2012 seuramme t\u00e4ytti 20 v. Juhlavuotta juhlistettiin monenlaisin tapahtumin ja 2012 syksyll\u00e4 pidetyll\u00e4 juhlaleirill\u00e4 julkistettiin seuramme historiikki. Sen kirjoitti seuramme pitk\u00e4aikainen j\u00e4sen Tapio Palomaa, joka on koulutukseltaan historoitsija. 118 sivuisessa kirjassa on paljon historiallisia v\u00e4rikuvia, kaikki l\u00f6ytyneet lehtileikkeet sek\u00e4 tietysti paljon juttuja seuran vaiheista. Painos on loppuun myyty.<\/p>\n<figure id=\"attachment_881\" aria-describedby=\"caption-attachment-881\" style=\"width: 500px\" class=\"wp-caption alignnone\"><img loading=\"lazy\" decoding=\"async\" class=\"wp-image-881 size-medium\" src=\"https:\/\/ouluntaiji.fi\/2014\/wp-content\/uploads\/2014\/01\/historiikki-500x467.jpg\" alt=\"\" width=\"500\" height=\"467\" srcset=\"https:\/\/ouluntaiji.fi\/2014\/wp-content\/uploads\/2014\/01\/historiikki-500x467.jpg 500w, https:\/\/ouluntaiji.fi\/2014\/wp-content\/uploads\/2014\/01\/historiikki-1000x934.jpg 1000w, https:\/\/ouluntaiji.fi\/2014\/wp-content\/uploads\/2014\/01\/historiikki.jpg 1044w\" sizes=\"auto, (max-width: 500px) 100vw, 500px\" \/><figcaption id=\"caption-attachment-881\" class=\"wp-caption-text\">Kuva v. 2012 Ainolan puiston harjoituspaikaltamme yl\u00f6sp\u00e4in.<\/figcaption><\/figure>\n","protected":false},"excerpt":{"rendered":"<p>Valkea kaupunki levitt\u00e4\u00e4 siipens\u00e4, Oulun Taijiseuran 20. v historiikki Oulun Taijiseura on perustettu v. 1992. Vuonna 2012 seuramme t\u00e4ytti 20 v. Juhlavuotta juhlistettiin monenlaisin tapahtumin ja 2012 syksyll\u00e4 pidetyll\u00e4 juhlaleirill\u00e4 julkistettiin seuramme historiikki. Sen kirjoitti seuramme pitk\u00e4aikainen j\u00e4sen Tapio Palomaa, joka on koulutukseltaan historoitsija. 118 sivuisessa kirjassa on paljon historiallisia v\u00e4rikuvia, kaikki l\u00f6ytyneet lehtileikkeet sek\u00e4 [&hellip;]<\/p>\n","protected":false},"author":5,"featured_media":0,"parent":0,"menu_order":0,"comment_status":"closed","ping_status":"closed","template":"template_fullwidth.php","meta":{"footnotes":""},"class_list":["post-2729","page","type-page","status-publish","hentry"],"_links":{"self":[{"href":"https:\/\/ouluntaiji.fi\/2014\/wp-json\/wp\/v2\/pages\/2729","targetHints":{"allow":["GET"]}}],"collection":[{"href":"https:\/\/ouluntaiji.fi\/2014\/wp-json\/wp\/v2\/pages"}],"about":[{"href":"https:\/\/ouluntaiji.fi\/2014\/wp-json\/wp\/v2\/types\/page"}],"author":[{"embeddable":true,"href":"https:\/\/ouluntaiji.fi\/2014\/wp-json\/wp\/v2\/users\/5"}],"replies":[{"embeddable":true,"href":"https:\/\/ouluntaiji.fi\/2014\/wp-json\/wp\/v2\/comments?post=2729"}],"version-history":[{"count":5,"href":"https:\/\/ouluntaiji.fi\/2014\/wp-json\/wp\/v2\/pages\/2729\/revisions"}],"predecessor-version":[{"id":3866,"href":"https:\/\/ouluntaiji.fi\/2014\/wp-json\/wp\/v2\/pages\/2729\/revisions\/3866"}],"wp:attachment":[{"href":"https:\/\/ouluntaiji.fi\/2014\/wp-json\/wp\/v2\/media?parent=2729"}],"curies":[{"name":"wp","href":"https:\/\/api.w.org\/{rel}","templated":true}]}}