{"id":2717,"date":"2017-05-27T15:47:24","date_gmt":"2017-05-27T12:47:24","guid":{"rendered":"http:\/\/ouluntaiji.fi\/2014\/?page_id=2717"},"modified":"2021-09-09T11:09:56","modified_gmt":"2021-09-09T08:09:56","slug":"tapahtumia-2017","status":"publish","type":"page","link":"https:\/\/ouluntaiji.fi\/2014\/tapahtumia-2017\/","title":{"rendered":"LEIRIT JA TAPAHTUMAT"},"content":{"rendered":"\n<p>LINKIT:<\/p>\n\n\n\n<p>Tulevat<\/p>\n\n\n<ul>\n<li><span style=\"color: #339966;\"><a style=\"color: #339966;\" href=\"https:\/\/www.facebook.com\/ouluntaijiseura\/photos\/a.146177606034263\/858453494806667\/\"><strong>The 5th World Health Qigong Day <\/strong><strong>11.9.2021 Oulussa<\/strong><\/a><\/span><\/li>\n<li class=\"product-details__product-title ec-header-h3\"><a href=\"https:\/\/huxiaofeiacademy.com\/store\/Live-Online-course-23-24-10-2021-Hu-Xiaofei-Seasonal-Training-Autumn-Nourishing-the-Lungs-p378883079\/?fbclid=IwAR0TtQx1aNwC33oVoMpWiiPoQxq22BpP8VMkHv6d8yIhlhqhFj4uvratfmc\"><span style=\"color: #339966;\"><strong>Hu Xiaofei Seasonal Training Autumn- Nourishing the Lungs <\/strong><strong>Live Online-course 23.-24.10.2021<\/strong><\/span><\/a><\/li>\n<li>Shifu Zhang Fangin talvileiri Oulussa 2021 (p\u00e4ivittyy my\u00f6hemmin)<\/li>\n<\/ul>\n<p>Menneet<\/p>\n<ul>\n<li><span style=\"color: #339966;\"><a style=\"color: #339966;\" href=\"https:\/\/www.facebook.com\/events\/339739394253102\/?acontext=%7B%22event_action_history%22%3A[%7B%22mechanism%22%3A%22search_results%22%2C%22surface%22%3A%22search%22%7D]%2C%22ref_notif_type%22%3Anull%7D\"><strong>Suomen Wushu-liiton kes\u00e4leiri Kuortaneella 30.7.-1.8.2021<\/strong><\/a><\/span><\/li>\n<li><span style=\"color: #339966;\"><a style=\"color: #339966;\" href=\"https:\/\/www.facebook.com\/events\/2939109213033045\/?ref=newsfeed\"><strong>Hu Xiaofei Seasonal Training Summer &#8211; Heart <\/strong><\/a><strong><a style=\"color: #339966;\" href=\"https:\/\/www.facebook.com\/events\/2939109213033045\/?ref=newsfeed\">Live Online-course 19.-20.6.2021 <\/a><\/strong><\/span><\/li>\n<li><span style=\"color: #339966;\"><strong><a style=\"color: #339966;\" href=\"https:\/\/www.facebook.com\/events\/763823994194730\/?acontext=%7B%22event_action_history%22%3A[%7B%22surface%22%3A%22external%22%7D%2C%7B%22mechanism%22%3A%22search_results%22%2C%22surface%22%3A%22bookmark%22%7D]%2C%22ref_notif_type%22%3Anull%7D\">Shifu Zhang Fangin talvileiri Oulussa 28.-29.11.2020<\/a><\/strong><\/span><\/li>\n<\/ul>\n\n\n<p><\/p>\n","protected":false},"excerpt":{"rendered":"<p>LINKIT: Tulevat The 5th World Health Qigong Day 11.9.2021 Oulussa Hu Xiaofei Seasonal Training Autumn- Nourishing the Lungs Live Online-course 23.-24.10.2021 Shifu Zhang Fangin talvileiri Oulussa 2021 (p\u00e4ivittyy my\u00f6hemmin) Menneet Suomen Wushu-liiton kes\u00e4leiri Kuortaneella 30.7.-1.8.2021 Hu Xiaofei Seasonal Training Summer &#8211; Heart Live Online-course 19.-20.6.2021 Shifu Zhang Fangin talvileiri Oulussa 28.-29.11.2020<\/p>\n","protected":false},"author":5,"featured_media":0,"parent":0,"menu_order":0,"comment_status":"closed","ping_status":"closed","template":"template_fullwidth.php","meta":{"footnotes":""},"class_list":["post-2717","page","type-page","status-publish","hentry"],"_links":{"self":[{"href":"https:\/\/ouluntaiji.fi\/2014\/wp-json\/wp\/v2\/pages\/2717","targetHints":{"allow":["GET"]}}],"collection":[{"href":"https:\/\/ouluntaiji.fi\/2014\/wp-json\/wp\/v2\/pages"}],"about":[{"href":"https:\/\/ouluntaiji.fi\/2014\/wp-json\/wp\/v2\/types\/page"}],"author":[{"embeddable":true,"href":"https:\/\/ouluntaiji.fi\/2014\/wp-json\/wp\/v2\/users\/5"}],"replies":[{"embeddable":true,"href":"https:\/\/ouluntaiji.fi\/2014\/wp-json\/wp\/v2\/comments?post=2717"}],"version-history":[{"count":57,"href":"https:\/\/ouluntaiji.fi\/2014\/wp-json\/wp\/v2\/pages\/2717\/revisions"}],"predecessor-version":[{"id":3688,"href":"https:\/\/ouluntaiji.fi\/2014\/wp-json\/wp\/v2\/pages\/2717\/revisions\/3688"}],"wp:attachment":[{"href":"https:\/\/ouluntaiji.fi\/2014\/wp-json\/wp\/v2\/media?parent=2717"}],"curies":[{"name":"wp","href":"https:\/\/api.w.org\/{rel}","templated":true}]}}