{"id":2714,"date":"2017-05-28T19:52:26","date_gmt":"2017-05-28T16:52:26","guid":{"rendered":"http:\/\/ouluntaiji.fi\/2014\/?page_id=2714"},"modified":"2024-08-24T16:49:21","modified_gmt":"2024-08-24T13:49:21","slug":"dao-yin-yang-sheng-gong-dyysg","status":"publish","type":"page","link":"https:\/\/ouluntaiji.fi\/2014\/dao-yin-yang-sheng-gong-dyysg\/","title":{"rendered":"Qigong"},"content":{"rendered":"<p><strong>Dao Yin Yang Shen Gong (DYYSG) <\/strong><\/p>\n<p><strong>D\u01ceo y\u01d0n<\/strong> on vanha qigongin nimitys. Sen historia ylt\u00e4\u00e4 Kiinaan yli 4000 vuoden taakse. D\u01ceo y\u01d0n, \u5c0e\u5f15, tarkoittaa vet\u00e4mist\u00e4 ja ohjaamista ja viittaa siihen, ett\u00e4 tekem\u00e4ll\u00e4 erilaisia liikkeit\u00e4 pyrit\u00e4\u00e4n aktivoimaan ja harmonisoimaan qi:n, sis\u00e4isen enrergian kiertoa liikkeen ja mielen (yi) keskitt\u00e4misen avulla. T\u00e4m\u00e4 on yksi alakategoria eri tyyppisiss\u00e4 qigong-harjoituksissa. Muita ovat esimerksi staattiset harjoitukset, joissa ei liikuta ollenkaan vaan k\u00e4ytet\u00e4\u00e4n pelk\u00e4st\u00e4\u00e4n mielt\u00e4 ja hengityst\u00e4. Harjoittelemamme Terveys-Qigong-kuuluu my\u00f6s t\u00e4h\u00e4n ensiksi mainittuun kategoriaan. Eri tyyppisten qigong-harjoitusten jakoa voisi jatkaa my\u00f6s jakamalla ne taolaisiin, buddhalaisiin, kungfutselaisiin, l\u00e4\u00e4ketieteellisiin, terveytt\u00e4 yll\u00e4pit\u00e4viin tai taistelulajillisiin. Lyhyesti voi mainita, ett\u00e4 sek\u00e4 dao yin yang sheng gong, ett\u00e4 terveys-qigong, kuuluvat terveytt\u00e4 yll\u00e4pit\u00e4viin qigong harjoituksiin. Rajanveto on monesti h\u00e4ilyv\u00e4\u00e4 ja tarpeetontakin k\u00e4yt\u00e4nn\u00f6n kannalta, koska tavoitteet ja menetelm\u00e4t menev\u00e4t usein ristiin ja p\u00e4\u00e4llekk\u00e4in. Oleellista harjoittelun kannalta on, ett\u00e4 fyysinen liike, venytys tai muu \u00e4rsyke, aiheuttaa aistittavan tuntemuksen ja ohjaa &#8221;mekaanisella&#8221; tavalla qi:t\u00e4, samalla venytt\u00e4en sek\u00e4 vahvistaen lihaksia, luita ja j\u00e4nteit\u00e4.<\/p>\n<p><img loading=\"lazy\" decoding=\"async\" class=\"size-full wp-image-2778 alignleft\" src=\"https:\/\/ouluntaiji.fi\/2014\/wp-content\/uploads\/2017\/05\/ZhangGuangDe.jpg\" alt=\"\" width=\"394\" height=\"306\" srcset=\"https:\/\/ouluntaiji.fi\/2014\/wp-content\/uploads\/2017\/05\/ZhangGuangDe.jpg 394w, https:\/\/ouluntaiji.fi\/2014\/wp-content\/uploads\/2017\/05\/ZhangGuangDe-250x194.jpg 250w\" sizes=\"auto, (max-width: 394px) 100vw, 394px\" \/><\/p>\n<p><strong>Y\u01ceng sh\u0113ng, \u990a\u751f, <\/strong>tarkoittaa yksinkertaisesti terveytt\u00e4 tai terveyden yll\u00e4pitoa. Kun loppuun viel\u00e4 lis\u00e4t\u00e4\u00e4n\u00a0<strong>G\u014dng<\/strong>, \u529f, taito, niin saadaan koko k\u00e4site ymm\u00e4rrett\u00e4v\u00e4ksi. <strong>D\u01ceo Y\u01d0n Y\u01ceng Sh\u0113ng G\u014dng, <\/strong>lyhennettyn\u00e4<strong> DYYSG, on siis terveytt\u00e4 yll\u00e4pit\u00e4v\u00e4 ja suojeleva qigong-j\u00e4rjestelm\u00e4. <\/strong><strong><br \/>\n<\/strong><\/p>\n<p><strong>Professori Zh\u0101ng Gu\u01ceng D\u00e9,\u00a0 \u5f20\u5e7f\u5fb7, <\/strong>1932-2022, Hebein maakunnassa, Tangshanin kaupungissa l\u00e4\u00e4k\u00e4riperheeseen. Vuodesta 1955 l\u00e4htien h\u00e4n opiskeli Wushua Pekingin Urheiluyliopistossa, joka tuolloin oli viel\u00e4 Pekingin instituutti, jossa h\u00e4n my\u00f6hemmin jatkoi professorina.<\/p>\n<p><img loading=\"lazy\" decoding=\"async\" class=\"wp-image-2791 alignright\" src=\"https:\/\/ouluntaiji.fi\/2014\/wp-content\/uploads\/2017\/05\/DSC_2858-744x1000.jpg\" alt=\"\" width=\"313\" height=\"420\" srcset=\"https:\/\/ouluntaiji.fi\/2014\/wp-content\/uploads\/2017\/05\/DSC_2858-744x1000.jpg 744w, https:\/\/ouluntaiji.fi\/2014\/wp-content\/uploads\/2017\/05\/DSC_2858-186x250.jpg 186w, https:\/\/ouluntaiji.fi\/2014\/wp-content\/uploads\/2017\/05\/DSC_2858-372x500.jpg 372w, https:\/\/ouluntaiji.fi\/2014\/wp-content\/uploads\/2017\/05\/DSC_2858-768x1033.jpg 768w, https:\/\/ouluntaiji.fi\/2014\/wp-content\/uploads\/2017\/05\/DSC_2858.jpg 1523w\" sizes=\"auto, (max-width: 313px) 100vw, 313px\" \/><\/p>\n<p>Vuonna 1974 h\u00e4nell\u00e4 diagnosoitiin useita vakavia sairauksia, mm. keuhkosy\u00f6p\u00e4, ollessaan jo vuodepotilaana h\u00e4n alkoi tutkia toden teolla perinteist\u00e4 kiinalaista l\u00e4\u00e4ketiedett\u00e4, erityisesti Daoyin-harjoituksia sek\u00e4 Taijiquania, sek\u00e4 tekem\u00e4\u00e4n harjoituksia. V\u00e4hitellen h\u00e4n kuntoutui ja parantui ja aloitti samalla el\u00e4m\u00e4nty\u00f6ns\u00e4, Daoyin Yangsheng Gongin, kehitt\u00e4misen. Nyky\u00e4\u00e4n h\u00e4nen menetelm\u00e4ns\u00e4 on tunnustettu Kiinan Terveysministeri\u00f6n puolelta ja se on k\u00e4yt\u00f6ss\u00e4 sairaaloissa ja parantoloissa useiden sairauksien hoidossa.<\/p>\n<p>Vuonna 1992 ZGD sai tunnustuksen Kiinan valtiolta qigong-j\u00e4rjestelm\u00e4st\u00e4\u00e4n ja 1996 DYYSG otettiin mukaan Kiinan kansalliseen terveysohjelmaan ja ZGD sai kunnianimen &#8221;Yksi sadasta Kiinan Wushu-liiton mestareista&#8221; (One Hundred Wushu Master of the Chinese Wushu Federation.)<\/p>\n<p>Prof ZGD on jakanut tietoaan ymp\u00e4ri maailmaa, Europpaan sek\u00e4 Amerikkaan ja Aasiaan. Useimmissa Euroopan maissa onkin ollut DYYSG-liitot jo 1990-luvulta l\u00e4htien ja edelleen. 1990-alussa arvioidaan pelk\u00e4st\u00e4\u00e4n Kiinassa olleen n. nelj\u00e4 miljoonaa Dyysg-harrastajaa.<\/p>\n<p>Zhang Guangde kuoli 30.tammikuuta 2022. Dyysg:ill\u00e4 on oma osasto ja rakennus Beijing Sport University (BSU):ss\u00e4, josta k\u00e4sin toimintaa johdetaan. ZGD:n maineikkaimpia oppilaita BSU:ssa ovat prof. Yang Bai Long ja prof. Hu Xiao Fei. Prof Yang Bai Long on jo el\u00e4kkeell\u00e4 mutta on edelleen aktiivinen ja haluttu Terveys-qigong opettaja ja mm. Terveys Qigong sarjojen Ba Duan Jin ja Shi Er Duan Jin kehitystiimien johtaja. Professori Hu Xiaofei on my\u00f6s eturivin Terveys-gigong-opettaja ja kiert\u00e4\u00e4 jatkuvasti ymp\u00e4ri maailmaa opettamassa korkean tason Terveys-qigong seminaareissa sek\u00e4 DYYSG-seminaareissa.\u00a0 Hyvin merkitt\u00e4v\u00e4 opettaja on ZGD:n veljenpoika\u00a0 Zhang Jian, joka my\u00f6s on aktiivinen sek\u00e4 Terveys-qigongin, ett\u00e4 DYYSG:in opettamisessa. Muita ZGD:n BSU:n oppilaita ovat &#8221;Oulun oma opettaja&#8221;, Zhuang Yongchang, Kuortaneella vieraillut Yang Hui, Wang Xiao Yun sek\u00e4 Yang Yu Bin.<\/p>\n<p>Terveys Qigongiin on suoraan otettu yksi sarja prof. ZGD:n j\u00e4rjestelm\u00e4st\u00e4, 12-liikkeen Dao Yin, Dao Yin Shi Er Fa.<\/p>\n<p>ZGD on kirjoittanut kymmeni\u00e4 kirjoja qigongista, vuosina 2000-2005 h\u00e4n oli Biarrizzissa Ranskassa opettamassa n. 500 harjoittelijalle. H\u00e4nen opetuksensa on dokumentoitu ja sit\u00e4 varten perustettu s\u00e4\u00e4ti\u00f6 purkaa niit\u00e4 kirjojen ja dvd:n muodossa. T\u00e4ll\u00e4 hetkell\u00e4 kirjoja on julkaistu nelj\u00e4.<\/p>\n<p>Dyysgiss\u00e4 on kaikkiaan n. 60 erilaista liikesarjaa eri tarkoituksiin. On yleissarjoja, jotka vaikuttavat koko kehoon ja terveyteen yleens\u00e4 sek\u00e4 sarjoja lihaksille, luille, j\u00e4nteille, mieleen vaikuttavia sek\u00e4 kaikille sis\u00e4elimille omansa. Lis\u00e4ksi on nelj\u00e4 Taijizhang, taiji-k\u00e4mmen-sarjaa, jotka my\u00f6s ovat kohdennettu eri sis\u00e4elmiin sek\u00e4 nelj\u00e4 viuhkasarjaa.<\/p>\n<p>Dyysg nivoutuu hyvin kiinte\u00e4sti perinteiseen kiinalaiseen l\u00e4\u00e4ketieteeseen ja sit\u00e4 opiskelemalla oppii my\u00f6s pikkuhiljaa kunkin sarjan my\u00f6t\u00e4 siit\u00e4 enemm\u00e4n, kuten akupunktiopisteit\u00e4, meridiaaneja sek\u00e4 periaatteita.<\/p>\n<p><strong>DYYSG Oulussa<\/strong><\/p>\n<p><img loading=\"lazy\" decoding=\"async\" class=\"alignnone wp-image-2437\" src=\"https:\/\/ouluntaiji.fi\/2014\/wp-content\/uploads\/2016\/10\/fb_DSC_7219_leikattu_min-1000x316.jpg\" alt=\"\" width=\"977\" height=\"309\" srcset=\"https:\/\/ouluntaiji.fi\/2014\/wp-content\/uploads\/2016\/10\/fb_DSC_7219_leikattu_min-1000x316.jpg 1000w, https:\/\/ouluntaiji.fi\/2014\/wp-content\/uploads\/2016\/10\/fb_DSC_7219_leikattu_min-500x158.jpg 500w, https:\/\/ouluntaiji.fi\/2014\/wp-content\/uploads\/2016\/10\/fb_DSC_7219_leikattu_min-768x242.jpg 768w\" sizes=\"auto, (max-width: 977px) 100vw, 977px\" \/><\/p>\n<p>Oulussa on mahdollista oppia Daoyini\u00e4 ensimm\u00e4ist\u00e4 kertaa Suomessa ja t\u00e4ll\u00e4 hetkell\u00e4 ainoana paikkana. Olemme pikkuhiljaa harjoitelleet muutamaa sarjaa Aki Korhosen opastuksella ja viime syksyst\u00e4 l\u00e4htien my\u00f6s Zhang Guang De:n oppilaan Zhuang Yongchangin opastuksella. Zhuang on k\u00e4ynyt kahdesti seurassamme opettamassa, syksyll\u00e4 2016 ja kev\u00e4\u00e4ll\u00e4 2017.<\/p>\n<p>Aki on tuntenut Zhuangin jo vuosia ja k\u00e4ynyt opiskelemassa Daoyini\u00e4 sen p\u00e4\u00e4paikassa Pekingin Urheiluyliopiston DYYSG-keskuksesa kolmeen otteeseen, vierailut ovat kest\u00e4neet viikosta kolmeen viikkoon, viimeisimm\u00e4n ollessa kev\u00e4\u00e4ll\u00e4 2017, jolloin h\u00e4n tapasi prof. Zhang Guang De:n. ZGD oli hyvin syd\u00e4mellinen ja\u00a0 tyytyv\u00e4inen, ett\u00e4 nyt my\u00f6s Suomessa on mahdollisuus oppia h\u00e4nen j\u00e4rjestelm\u00e4\u00e4ns\u00e4.<\/p>\n<figure id=\"attachment_2788\" aria-describedby=\"caption-attachment-2788\" style=\"width: 781px\" class=\"wp-caption alignnone\"><img loading=\"lazy\" decoding=\"async\" class=\"wp-image-2788\" src=\"https:\/\/ouluntaiji.fi\/2014\/wp-content\/uploads\/2017\/05\/IMG_20170321_162431-\u2013-kopio-1000x563.jpg\" alt=\"\" width=\"781\" height=\"440\" srcset=\"https:\/\/ouluntaiji.fi\/2014\/wp-content\/uploads\/2017\/05\/IMG_20170321_162431-\u2013-kopio-1000x563.jpg 1000w, https:\/\/ouluntaiji.fi\/2014\/wp-content\/uploads\/2017\/05\/IMG_20170321_162431-\u2013-kopio-250x141.jpg 250w, https:\/\/ouluntaiji.fi\/2014\/wp-content\/uploads\/2017\/05\/IMG_20170321_162431-\u2013-kopio-500x281.jpg 500w, https:\/\/ouluntaiji.fi\/2014\/wp-content\/uploads\/2017\/05\/IMG_20170321_162431-\u2013-kopio-768x432.jpg 768w, https:\/\/ouluntaiji.fi\/2014\/wp-content\/uploads\/2017\/05\/IMG_20170321_162431-\u2013-kopio.jpg 2048w\" sizes=\"auto, (max-width: 781px) 100vw, 781px\" \/><figcaption id=\"caption-attachment-2788\" class=\"wp-caption-text\">Prof. Zhang Guangde ja Aki Korhonen Pekinginss\u00e4 2017.<\/figcaption><\/figure>\n<figure id=\"attachment_2247\" aria-describedby=\"caption-attachment-2247\" style=\"width: 267px\" class=\"wp-caption alignleft\"><img loading=\"lazy\" decoding=\"async\" class=\"wp-image-2247\" src=\"https:\/\/ouluntaiji.fi\/2014\/wp-content\/uploads\/2016\/08\/luentokuva-663x1000.jpg\" alt=\"\" width=\"267\" height=\"403\" srcset=\"https:\/\/ouluntaiji.fi\/2014\/wp-content\/uploads\/2016\/08\/luentokuva-663x1000.jpg 663w, https:\/\/ouluntaiji.fi\/2014\/wp-content\/uploads\/2016\/08\/luentokuva-331x500.jpg 331w, https:\/\/ouluntaiji.fi\/2014\/wp-content\/uploads\/2016\/08\/luentokuva-768x1159.jpg 768w, https:\/\/ouluntaiji.fi\/2014\/wp-content\/uploads\/2016\/08\/luentokuva.jpg 814w\" sizes=\"auto, (max-width: 267px) 100vw, 267px\" \/><figcaption id=\"caption-attachment-2247\" class=\"wp-caption-text\">Zhang Guangde:n oppilas, Pekingin urheiluyliopiston professori Zhuang Yongchang.<\/figcaption><\/figure>\n<p>Oulussa vieraileva opettaja Zhuang Yongchang on Pekingin urheiluyliopiston opettaja ja tutkija. H\u00e4n on ollut mukana kehitt\u00e4m\u00e4ss\u00e4 useita qigong-sarjoja ja kirjoittamassa niiden oppikirjoja. H\u00e4n on omistautunut jakamaan kiinalaista terveysliikuntakulttuuria koko maailmalle kulkien opettamassa eri puolilla maailmaa, osallistuen seminaareihin, sek\u00e4 kansallisiin ja kansainv\u00e4lisiin terveys-qigong -tapahtumiin. H\u00e4n on ansainnut osaamisellaan laajalti tunnustusta ja palkintoja.<\/p>\n<figure id=\"attachment_2789\" aria-describedby=\"caption-attachment-2789\" style=\"width: 590px\" class=\"wp-caption aligncenter\"><img loading=\"lazy\" decoding=\"async\" class=\"size-large wp-image-2789\" src=\"https:\/\/ouluntaiji.fi\/2014\/wp-content\/uploads\/2017\/05\/DSC_4108-\u2013-kopio-1000x565.jpg\" alt=\"Zhuangin ja h\u00e4nen kurssilaisensa Pekingiss\u00e4 2017\" width=\"590\" height=\"333\" srcset=\"https:\/\/ouluntaiji.fi\/2014\/wp-content\/uploads\/2017\/05\/DSC_4108-\u2013-kopio-1000x565.jpg 1000w, https:\/\/ouluntaiji.fi\/2014\/wp-content\/uploads\/2017\/05\/DSC_4108-\u2013-kopio-250x141.jpg 250w, https:\/\/ouluntaiji.fi\/2014\/wp-content\/uploads\/2017\/05\/DSC_4108-\u2013-kopio-500x283.jpg 500w, https:\/\/ouluntaiji.fi\/2014\/wp-content\/uploads\/2017\/05\/DSC_4108-\u2013-kopio-768x434.jpg 768w, https:\/\/ouluntaiji.fi\/2014\/wp-content\/uploads\/2017\/05\/DSC_4108-\u2013-kopio.jpg 2048w\" sizes=\"auto, (max-width: 590px) 100vw, 590px\" \/><figcaption id=\"caption-attachment-2789\" class=\"wp-caption-text\">Zhuangin ja h\u00e4nen kurssilaisensa Pekingiss\u00e4 2017<\/figcaption><\/figure>\n<figure id=\"attachment_2790\" aria-describedby=\"caption-attachment-2790\" style=\"width: 799px\" class=\"wp-caption aligncenter\"><img loading=\"lazy\" decoding=\"async\" class=\"wp-image-2790 \" src=\"https:\/\/ouluntaiji.fi\/2014\/wp-content\/uploads\/2017\/05\/DSC_4021-kopio-1000x397.jpg\" alt=\"\" width=\"799\" height=\"317\" srcset=\"https:\/\/ouluntaiji.fi\/2014\/wp-content\/uploads\/2017\/05\/DSC_4021-kopio-1000x397.jpg 1000w, https:\/\/ouluntaiji.fi\/2014\/wp-content\/uploads\/2017\/05\/DSC_4021-kopio-250x99.jpg 250w, https:\/\/ouluntaiji.fi\/2014\/wp-content\/uploads\/2017\/05\/DSC_4021-kopio-500x199.jpg 500w, https:\/\/ouluntaiji.fi\/2014\/wp-content\/uploads\/2017\/05\/DSC_4021-kopio-768x305.jpg 768w, https:\/\/ouluntaiji.fi\/2014\/wp-content\/uploads\/2017\/05\/DSC_4021-kopio.jpg 2048w\" sizes=\"auto, (max-width: 799px) 100vw, 799px\" \/><figcaption id=\"caption-attachment-2790\" class=\"wp-caption-text\">Yhtieskuva Zhuang Yongchangin pit\u00e4m\u00e4lt\u00e4 Terveys Qigong keppiseminaarista, Peking 2017<\/figcaption><\/figure>\n<h2>T\u00e4ll\u00e4 hetkell\u00e4 Oulun ohjelmistossa ovat seuraavat sarjat:<\/h2>\n<p><a href=\"https:\/\/www.youtube.com\/watch?v=84ClrEea4fs&amp;t=650s\" target=\"_blank\" rel=\"noopener noreferrer\"><strong>Baojian gong<\/strong><\/a>, yleisesti terveytt\u00e4 suojeleva ja yll\u00e4pit\u00e4v\u00e4 sarja. ZGD:n vanhimpia sarjoja.<\/p>\n<p><a href=\"https:\/\/www.youtube.com\/watch?v=8A715FRptb0\" target=\"_blank\" rel=\"noopener noreferrer\"><strong>13 liikkeen venyttely<\/strong><\/a>, lis\u00e4\u00e4 voimaa ja notkeutta<\/p>\n<p><a href=\"https:\/\/www.youtube.com\/watch?v=Rq4-Gubz-tI&amp;t=317s\" target=\"_blank\" rel=\"noopener noreferrer\"><strong>Lihaksia ja luita vahvistava sarja<\/strong><\/a>, nimens\u00e4 mukainen<\/p>\n<p><a href=\"https:\/\/www.youtube.com\/watch?v=Ai5TM7yd0fM\" target=\"_blank\" rel=\"noopener noreferrer\"><strong>Syd\u00e4nt\u00e4 ja mielt\u00e4 rauhoittava sarja<\/strong><\/a><\/p>\n<p><a href=\"https:\/\/www.youtube.com\/watch?v=Jb3XYGJTdaI&amp;t=56s\" target=\"_blank\" rel=\"noopener noreferrer\"><strong>Verta ja qi:t\u00e4 vahvistava sarja<\/strong><\/a><\/p>\n<p><a href=\"https:\/\/www.youtube.com\/watch?v=-6imK1Gt3Y8&amp;t=428s\" target=\"_blank\" rel=\"noopener noreferrer\"><strong>49-liikkeen meridiaanisarja<\/strong><\/a>, liikesarja, joka avaa kaikkia meridiaaneja<\/p>\n<p><strong><a href=\"https:\/\/www.youtube.com\/watch?v=X3pz-I8QS64&amp;t=79s\" target=\"_blank\" rel=\"noopener noreferrer\">Hu Xiaofein ja Zhuang Yongchangin<\/a><\/strong> alkul\u00e4mmittelysarja<\/p>\n<h2><\/h2>\n<h2><strong>Sis\u00e4elimi\u00e4 vahvistavat sarjat:<\/strong><\/h2>\n<p><strong>Munuais-sarja 1, <\/strong>munaisia ja alkuper\u00e4ist\u00e4 qi:t\u00e4 sek\u00e4 vesi-elementti\u00e4 vahvistava sarja, my\u00f6s ZGD:n aikaisempia sarjoja.<\/p>\n<p><a href=\"https:\/\/www.youtube.com\/watch?v=6qvrnohZVFc\"><strong>Munuaissarja 2<\/strong><\/a><\/p>\n<p><strong><a href=\"https:\/\/www.youtube.com\/watch?v=atu3ug4iptI\" target=\"_blank\" rel=\"noopener noreferrer\">Maksasarja 2<\/a>, <\/strong>maksaa ja puu-elementti\u00e4 vahvistava sarja, Puu-elementti<strong><br \/>\n<\/strong><\/p>\n<p><strong><a href=\"https:\/\/www.youtube.com\/watch?v=2kGlLNI1_no\" target=\"_blank\" rel=\"noopener noreferrer\">Syd\u00e4nsarja 1<\/a>, <\/strong>syd\u00e4nt\u00e4 ja verenkiertoa parantava sarja, Tuli-elementti<\/p>\n<p><strong><a href=\"https:\/\/www.youtube.com\/watch?v=BfzkjVvv7fk&amp;t=768s\" target=\"_blank\" rel=\"noopener noreferrer\">Perna- ja vatsasarja 1.<\/a><\/strong>Maa-elementti.<\/p>\n<p><strong>Keuhko-sarja 1, <\/strong>Metalli-elementti<\/p>\n<p><strong><a href=\"https:\/\/www.youtube.com\/watch?v=-nvPEoZjMcA&amp;feature=youtu.be\">Keuhko-sarja 2<\/a>, <\/strong>Metalli-elementti<\/p>\n<h2><\/h2>\n<h2>Taijisarjat<\/h2>\n<p><a href=\"https:\/\/www.youtube.com\/watch?v=PSjCkwgbGlg\"><strong>Yangsheng Taiji Zhang 1<\/strong><\/a>, Keuhko- ja syd\u00e4nmeridiaaneja avaava Dyysg-tyylin taijisarja<\/p>\n<p><strong><a href=\"https:\/\/www.youtube.com\/watch?v=ELn-tllshHQ&amp;feature=youtu.be\">Yangsheng Taiji Jian 1<\/a><\/strong>, Keuhko- ja syd\u00e4nmeridiaaneja avaava Dyysg-tyylin taijisarja<\/p>\n<h2><\/h2>\n<h2><strong>DYYSG muualla maailmalla<\/strong><\/h2>\n<p><a href=\"http:\/\/www.dyysg.co.uk\/\" target=\"_blank\" rel=\"noopener noreferrer\">Enlgannin DYYSG-liitto<\/a><\/p>\n<p><a href=\"http:\/\/www.dyysg.de\/\" target=\"_blank\" rel=\"noopener noreferrer\">Saksan DYYSG-liitto<\/a><\/p>\n<p><a href=\"http:\/\/www.genkikoeln.de\/\" target=\"_blank\" rel=\"noopener noreferrer\">Heiko Baumann, Saksa<\/a><\/p>\n<p><a href=\"http:\/\/www.lifecarecentre.be\/\" target=\"_blank\" rel=\"noopener noreferrer\">Life Care Center, Belgia<\/a><\/p>\n<p><a href=\"https:\/\/daoyin.es\/\" target=\"_blank\" rel=\"noopener noreferrer\">DYYSG, Espanja<\/a><\/p>\n<p><a href=\"http:\/\/www.kunming.fr\/\" target=\"_blank\" rel=\"noopener noreferrer\">Kunming, Biarriz, Ranska<\/a><\/p>\n","protected":false},"excerpt":{"rendered":"<p>Dao Yin Yang Shen Gong (DYYSG) D\u01ceo y\u01d0n on vanha qigongin nimitys. Sen historia ylt\u00e4\u00e4 Kiinaan yli 4000 vuoden taakse. D\u01ceo y\u01d0n, \u5c0e\u5f15, tarkoittaa vet\u00e4mist\u00e4 ja ohjaamista ja viittaa siihen, ett\u00e4 tekem\u00e4ll\u00e4 erilaisia liikkeit\u00e4 pyrit\u00e4\u00e4n aktivoimaan ja harmonisoimaan qi:n, sis\u00e4isen enrergian kiertoa liikkeen ja mielen (yi) keskitt\u00e4misen avulla. T\u00e4m\u00e4 on yksi alakategoria eri tyyppisiss\u00e4 qigong-harjoituksissa. [&hellip;]<\/p>\n","protected":false},"author":3,"featured_media":0,"parent":0,"menu_order":0,"comment_status":"closed","ping_status":"closed","template":"","meta":{"footnotes":""},"class_list":["post-2714","page","type-page","status-publish","hentry"],"_links":{"self":[{"href":"https:\/\/ouluntaiji.fi\/2014\/wp-json\/wp\/v2\/pages\/2714","targetHints":{"allow":["GET"]}}],"collection":[{"href":"https:\/\/ouluntaiji.fi\/2014\/wp-json\/wp\/v2\/pages"}],"about":[{"href":"https:\/\/ouluntaiji.fi\/2014\/wp-json\/wp\/v2\/types\/page"}],"author":[{"embeddable":true,"href":"https:\/\/ouluntaiji.fi\/2014\/wp-json\/wp\/v2\/users\/3"}],"replies":[{"embeddable":true,"href":"https:\/\/ouluntaiji.fi\/2014\/wp-json\/wp\/v2\/comments?post=2714"}],"version-history":[{"count":35,"href":"https:\/\/ouluntaiji.fi\/2014\/wp-json\/wp\/v2\/pages\/2714\/revisions"}],"predecessor-version":[{"id":3930,"href":"https:\/\/ouluntaiji.fi\/2014\/wp-json\/wp\/v2\/pages\/2714\/revisions\/3930"}],"wp:attachment":[{"href":"https:\/\/ouluntaiji.fi\/2014\/wp-json\/wp\/v2\/media?parent=2714"}],"curies":[{"name":"wp","href":"https:\/\/api.w.org\/{rel}","templated":true}]}}