{"id":2659,"date":"2017-03-04T19:39:54","date_gmt":"2017-03-04T17:39:54","guid":{"rendered":"http:\/\/ouluntaiji.fi\/2014\/?page_id=2659"},"modified":"2021-09-06T19:58:07","modified_gmt":"2021-09-06T16:58:07","slug":"seuran-saannot","status":"publish","type":"page","link":"https:\/\/ouluntaiji.fi\/2014\/seuran-saannot\/","title":{"rendered":"Seuran s\u00e4\u00e4nn\u00f6t"},"content":{"rendered":"<p>OULUN TAIJI-SEURAN S\u00c4\u00c4NN\u00d6T\u00a0\u00a0\u00a0\u00a0\u00a0\u00a0\u00a0\u00a0\u00a0\u00a0\u00a0\u00a0\u00a0\u00a0\u00a0\u00a0\u00a0\u00a0\u00a0\u00a0\u00a0\u00a0\u00a0\u00a0 9.4.2008<\/p>\n<p>1. Yhdistyksen nimi ja kotipaikka<\/p>\n<p>Yhdistyksen nimi on Oulun Taiji-seura ja sen kotipaikka on Oulu.<\/p>\n<p>2. Tarkoitus ja toiminnan laatu<\/p>\n<p>Yhdistyksen tarkoituksena on tehd\u00e4 taijia ja muita wushu-lajeja tunnetuksi sek\u00e4 edist\u00e4\u00e4 taiji-harrastusta Oulussa ja sen l\u00e4hialueilla.<\/p>\n<p>Tarkoituksensa toteuttamiseksi yhdistys j\u00e4rjest\u00e4\u00e4 j\u00e4senilleen taiji-harjoituksia. Lis\u00e4ksi seura on mukana tapahtumissa, jotka edist\u00e4v\u00e4t taijin ja seuran tunnetuksi tulemista.<\/p>\n<p>Toimintansa tukemiseksi yhdistys ker\u00e4\u00e4 j\u00e4senmaksuja.<\/p>\n<p>3. J\u00e4senet<\/p>\n<p>Yhdistykseen j\u00e4seneksi voi liitty\u00e4 jokainen, joka hyv\u00e4ksyy yhdistyksen tarkoituksen ja s\u00e4\u00e4nn\u00f6t.<\/p>\n<p>J\u00e4senet hyv\u00e4ksyy hakemuksesta yhdistyksen hallitus.<\/p>\n<p>4. J\u00e4senen eroaminen ja erottaminen<\/p>\n<p>J\u00e4senyys katsotaan p\u00e4\u00e4ttyneeksi, kun j\u00e4sen on j\u00e4tt\u00e4nyt er\u00e4\u00e4ntyneen j\u00e4senmaksunsa maksamatta.<\/p>\n<p>Hallitus voi erottaa j\u00e4senen yhdistyksest\u00e4, jos j\u00e4sen on j\u00e4tt\u00e4nyt t\u00e4ytt\u00e4m\u00e4tt\u00e4 ne velvoitukset, joihin h\u00e4n on yhdistykseen liittym\u00e4ll\u00e4 sitoutunut tai on menettelyll\u00e4\u00e4n yhdistyksess\u00e4 tai sen ulkopuolella huomattavasti vahingoittanut yhdistyst\u00e4 tai ei en\u00e4\u00e4 t\u00e4yt\u00e4 laissa tai yhdistyksen s\u00e4\u00e4nn\u00f6iss\u00e4 mainittuja j\u00e4senyyden ehtoja.<\/p>\n<p>5. Liittymis- ja j\u00e4senmaksu<\/p>\n<p>J\u00e4senilt\u00e4 peritt\u00e4v\u00e4n liittymismaksun ja vuotuisen j\u00e4senmaksun suuruudesta p\u00e4\u00e4tt\u00e4\u00e4 vuosikokous.<\/p>\n<p>6. Hallitus<\/p>\n<p>Yhdistyksen asioita hoitaa hallitus, johon kuuluu vuosikokouksessa valitut puheenjohtaja, varapuheenjohtaja, sihteeri, rahastonhoitaja ja v\u00e4hint\u00e4\u00e4n yksi tai enint\u00e4\u00e4n kolme muuta j\u00e4sent\u00e4.<\/p>\n<p>Hallituksen toimikausi on vuosikokousten v\u00e4linen aika.<\/p>\n<p>Hallitus kokoontuu puheenjohtajan tai h\u00e4nen estyneen\u00e4 ollessaan varapuheenjohtajan kutsusta, kun he katsovat siihen olevan aihetta tai kun v\u00e4hint\u00e4\u00e4n puolet hallituksen j\u00e4senist\u00e4 sit\u00e4 vaatii.<\/p>\n<p>Hallituksen kokous on p\u00e4\u00e4t\u00f6svaltainen, kun v\u00e4hint\u00e4\u00e4n puolet sen j\u00e4senist\u00e4, puheenjohtaja tai varapuheenjohtaja mukaan luettuna on l\u00e4sn\u00e4. \u00c4\u00e4nestykset ratkaistaan yksinkertaisella \u00e4\u00e4nten enemmist\u00f6ll\u00e4. \u00c4\u00e4nten menness\u00e4 tasan ratkaisee puheenjohtajan \u00e4\u00e4ni, vaaleissa kuitenkin arpa.<\/p>\n<p>7. Yhdistyksen nimen kirjoittaminen<\/p>\n<p>Yhdistyksen nimen kirjoittavat puheenjohtaja, varapuheenjohtaja ja rahastonhoitaja. Puheenjohtaja on oikeutettu nimen kirjoittamiseen yksin ja varapuheenjohtaja ja rahastonhoitaja yhdess\u00e4 toisen nimenkirjoittajan kanssa.<\/p>\n<p>8. Tilikausi ja tilintarkastus<\/p>\n<p>Yhdistyksen tilikausi on kalenterivuosi.<\/p>\n<p>Tilinp\u00e4\u00e4t\u00f6s tarvittavine asiakirjoineen ja hallituksen vuosikertomus on annettava tilintarkastajille viimeist\u00e4\u00e4n kolme viikkoa ennen vuosikokousta. Tilintarkastajien tulee antaa kirjallinen lausuntonsa viimeist\u00e4\u00e4n kaksi viikkoa ennen vuosikokousta hallitukselle.<\/p>\n<p>9. Yhdistyksen kokoukset<\/p>\n<p>Yhdistyksen vuosikokous pidet\u00e4\u00e4n vuosittain hallituksen m\u00e4\u00e4r\u00e4\u00e4m\u00e4n\u00e4 p\u00e4iv\u00e4n\u00e4 tammi-toukokuussa.<\/p>\n<p>Ylim\u00e4\u00e4r\u00e4inen kokous pidet\u00e4\u00e4n, kun yhdistyksen kokous niin p\u00e4\u00e4tt\u00e4\u00e4 tai kun hallitus katsoo siihen olevan aihetta tai kun v\u00e4hint\u00e4\u00e4n kymmenesosa (1\/10) yhdistyksen \u00e4\u00e4nioikeutetuista j\u00e4senist\u00e4 sit\u00e4 hallitukselta erityisesti ilmoitettua asiaa varten kirjallisesti vaatii. Kokous on pidett\u00e4v\u00e4 kolmenkymmenen vuorokauden kuluessa siit\u00e4, kun vaatimus sen pit\u00e4misest\u00e4 on esitetty hallitukselle.<\/p>\n<p>Yhdistyksen kokouksissa on jokaisella j\u00e4senell\u00e4 yksi \u00e4\u00e4ni.<\/p>\n<p>Yhdistyksen kokouksen p\u00e4\u00e4t\u00f6kseksi tulee, ellei s\u00e4\u00e4nn\u00f6iss\u00e4 ole toisin m\u00e4\u00e4r\u00e4tty, se mielipide, jota on kannattanut yli puolet annetuista \u00e4\u00e4nist\u00e4. Vaalit ratkaistaan yksinkertaisella \u00e4\u00e4nten enemmist\u00f6ll\u00e4. \u00c4\u00e4nten menness\u00e4 tasan ratkaisee kokouksen puheenjohtajan \u00e4\u00e4ni, vaaleissa kuitenkin arpa.<\/p>\n<p>10. Yhdistyksen kokousten koollekutsuminen<\/p>\n<p>Hallituksen puheenjohtajan on kutsuttava yhdistyksen kokoukset koolle v\u00e4hint\u00e4\u00e4n seitsem\u00e4n vuorokautta ennen kokousta toimittamalla kutsu j\u00e4senen ilmoittamaan osoitteeseen tai seuran Internet-sivuilla.<\/p>\n<p>11. Vuosikokous<\/p>\n<p>Yhdistyksen vuosikokouksessa k\u00e4sitell\u00e4\u00e4n seuraavat asiat:<\/p>\n<p>1.\u00a0\u00a0\u00a0\u00a0 kokouksen avaus<\/p>\n<p>2.\u00a0\u00a0\u00a0\u00a0 valitaan kokouksen puheenjohtaja, sihteeri, kaksi p\u00f6yt\u00e4kirjantarkastajaa ja tarvittaessa kaksi \u00e4\u00e4ntenlaskijaa<\/p>\n<p>3.\u00a0\u00a0\u00a0\u00a0 todetaan kokouksen laillisuus ja p\u00e4\u00e4t\u00f6svaltaisuus<\/p>\n<p>4.\u00a0\u00a0\u00a0\u00a0 hyv\u00e4ksyt\u00e4\u00e4n kokouksen ty\u00f6j\u00e4rjestys<\/p>\n<p>5.\u00a0\u00a0\u00a0\u00a0 esitet\u00e4\u00e4n tilinp\u00e4\u00e4t\u00f6s, vuosikertomus ja tilintarkastajien lausunto<\/p>\n<p>6.\u00a0\u00a0\u00a0\u00a0 p\u00e4\u00e4tet\u00e4\u00e4n tilinp\u00e4\u00e4t\u00f6ksen vahvistamisesta ja vastuuvapauden my\u00f6nt\u00e4misest\u00e4 hallitukselle ja muille vastuuvelvollisille<\/p>\n<p>7.\u00a0\u00a0\u00a0\u00a0 vahvistetaan toimintasuunnitelma, tulo- ja menoarvio sek\u00e4 liittymis- ja j\u00e4senmaksun suuruus<\/p>\n<p>8.\u00a0\u00a0\u00a0\u00a0 valitaan hallituksen puheenjohtaja ja muut j\u00e4senet<\/p>\n<p>9.\u00a0\u00a0\u00a0\u00a0 valitaan yksi tai kaksi tilintarkastajaa ja heille varatilintarkastajat<\/p>\n<p>10.\u00a0\u00a0\u00a0 k\u00e4sitell\u00e4\u00e4n muut kokouskutsussa mainitut asiat.<\/p>\n<p>Mik\u00e4li yhdistyksen j\u00e4sen haluaa saada jonkin asian yhdistyksen vuosikokouksen k\u00e4sitelt\u00e4v\u00e4ksi, on h\u00e4nen ilmoitettava siit\u00e4 kirjallisesti hallitukselle niin hyviss\u00e4 ajoin, ett\u00e4 asia voidaan sis\u00e4llytt\u00e4\u00e4 kokouskutsuun.<\/p>\n<p>12. S\u00e4\u00e4nt\u00f6jen muuttaminen ja yhdistyksen purkaminen<\/p>\n<p>P\u00e4\u00e4t\u00f6s s\u00e4\u00e4nt\u00f6jen muuttamisesta ja yhdistyksen purkamisesta on teht\u00e4v\u00e4 yhdistyksen kokouksessa v\u00e4hint\u00e4\u00e4n kolmen nelj\u00e4sosan (3\/4) enemmist\u00f6ll\u00e4 annetuista \u00e4\u00e4nist\u00e4. Kokouskutsussa on mainittava s\u00e4\u00e4nt\u00f6jen muuttamisesta tai yhdistyksen purkamisesta.<br \/>\nYhdistyksen purkautuessa k\u00e4ytet\u00e4\u00e4n yhdistyksen varat yhdistyksen tarkoituksen edist\u00e4miseen purkamisesta p\u00e4\u00e4tt\u00e4v\u00e4n kokouksen m\u00e4\u00e4r\u00e4\u00e4m\u00e4ll\u00e4 tavalla. Yhdistyksen tullessa lakkautetuksi k\u00e4ytet\u00e4\u00e4n sen varat samaan tarkoitukseen.<\/p>\n","protected":false},"excerpt":{"rendered":"<p>OULUN TAIJI-SEURAN S\u00c4\u00c4NN\u00d6T\u00a0\u00a0\u00a0\u00a0\u00a0\u00a0\u00a0\u00a0\u00a0\u00a0\u00a0\u00a0\u00a0\u00a0\u00a0\u00a0\u00a0\u00a0\u00a0\u00a0\u00a0\u00a0\u00a0\u00a0 9.4.2008 1. Yhdistyksen nimi ja kotipaikka Yhdistyksen nimi on Oulun Taiji-seura ja sen kotipaikka on Oulu. 2. Tarkoitus ja toiminnan laatu Yhdistyksen tarkoituksena on tehd\u00e4 taijia ja muita wushu-lajeja tunnetuksi sek\u00e4 edist\u00e4\u00e4 taiji-harrastusta Oulussa ja sen l\u00e4hialueilla. Tarkoituksensa toteuttamiseksi yhdistys j\u00e4rjest\u00e4\u00e4 j\u00e4senilleen taiji-harjoituksia. Lis\u00e4ksi seura on mukana tapahtumissa, jotka edist\u00e4v\u00e4t taijin ja [&hellip;]<\/p>\n","protected":false},"author":5,"featured_media":0,"parent":0,"menu_order":0,"comment_status":"closed","ping_status":"closed","template":"template_fullwidth.php","meta":{"footnotes":""},"class_list":["post-2659","page","type-page","status-publish","hentry"],"_links":{"self":[{"href":"https:\/\/ouluntaiji.fi\/2014\/wp-json\/wp\/v2\/pages\/2659","targetHints":{"allow":["GET"]}}],"collection":[{"href":"https:\/\/ouluntaiji.fi\/2014\/wp-json\/wp\/v2\/pages"}],"about":[{"href":"https:\/\/ouluntaiji.fi\/2014\/wp-json\/wp\/v2\/types\/page"}],"author":[{"embeddable":true,"href":"https:\/\/ouluntaiji.fi\/2014\/wp-json\/wp\/v2\/users\/5"}],"replies":[{"embeddable":true,"href":"https:\/\/ouluntaiji.fi\/2014\/wp-json\/wp\/v2\/comments?post=2659"}],"version-history":[{"count":6,"href":"https:\/\/ouluntaiji.fi\/2014\/wp-json\/wp\/v2\/pages\/2659\/revisions"}],"predecessor-version":[{"id":3684,"href":"https:\/\/ouluntaiji.fi\/2014\/wp-json\/wp\/v2\/pages\/2659\/revisions\/3684"}],"wp:attachment":[{"href":"https:\/\/ouluntaiji.fi\/2014\/wp-json\/wp\/v2\/media?parent=2659"}],"curies":[{"name":"wp","href":"https:\/\/api.w.org\/{rel}","templated":true}]}}