{"id":2651,"date":"2017-03-04T19:02:13","date_gmt":"2017-03-04T17:02:13","guid":{"rendered":"http:\/\/ouluntaiji.fi\/2014\/?page_id=2651"},"modified":"2024-08-24T16:51:31","modified_gmt":"2024-08-24T13:51:31","slug":"toimintasuunnitelma-vuodelle-2017","status":"publish","type":"page","link":"https:\/\/ouluntaiji.fi\/2014\/toimintasuunnitelma-vuodelle-2017\/","title":{"rendered":"Toimintasuunnitelma vuodelle 2025"},"content":{"rendered":"<p>OULUN TAIJISEURA RY<\/p>\n<p>TOIMINTASUUNNITELMA VUODELLE 2025<\/p>\n<p>YLEIST\u00c4<\/p>\n<p>Oulun Taijiseura ry pyrkii vuoden 2025 toiminnallaan edist\u00e4m\u00e4\u00e4n wushu-lajien ja qigongin tunnettavuutta ja harrastusmahdollisuuksia Oulussa. Tavoitteisiin pyrit\u00e4\u00e4n j\u00e4rjest\u00e4m\u00e4ll\u00e4\u00a0 Taijiquan, Dyysg-, DYKY\u00a0 ja Terveys-qigong kursseja, s\u00e4\u00e4nn\u00f6llisi\u00e4 viikottaisia harjoituksia j\u00e4senille sek\u00e4 kes\u00e4aikaan kaikille avoimia ja ilmaisia kursseja Ainolan puistossa kahdesti viikossa. Lis\u00e4ksi seura osallistuu mahdollisuuksien mukaan erilaisiin julkisiin tapahtumiin. Seura kuuluu Suomen Wushu-liittoon ja Suomen Daoyin Yang Sheng Gong -liittoon. 2023 on seuran 31 v. toimintavuosi.<\/p>\n<p>SEURAN HALLINTO<\/p>\n<p>Seuran asioita hoitaa hallitus, johon kuuluu vuosikokouksessa valittu puheenjohtaja, varapuheenjohtaja, sihteeri, rahastonhoitaja sek\u00e4 v\u00e4hint\u00e4\u00e4n yksi mutta enint\u00e4\u00e4n kolme hallituksen j\u00e4sent\u00e4 (min 5, max 7 hl\u00f6\u00e4). Hallitus kokoontuu tarvittaessa. Lis\u00e4ksi j\u00e4rjestet\u00e4\u00e4n seuran vuosikokous tammi-kes\u00e4kuun v\u00e4lisen\u00e4 aikana.<\/p>\n<p>TIEDOTUS- JA HARRASTUSTOIMINTA<\/p>\n<p>Seura j\u00e4rjest\u00e4\u00e4 viikottaisia harjoituksia j\u00e4senilleen kev\u00e4t- ja syyskaudella.<\/p>\n<p>Kes\u00e4ll\u00e4 seura j\u00e4rjest\u00e4\u00e4 kaikille avoimet ja ilmaiset Taiji-harjoitukset kahdesti viikossa.<\/p>\n<p>Seura j\u00e4rjest\u00e4\u00e4 Taiji- ,\u00a0 Terveys-qigong\u00a0 ja Dyysg-alkeiskurssit kev\u00e4t- ja syyskaudella.<\/p>\n<p>Seura julkaisee ja tiedottaa toiminnastaan ja tietoonsa tulleista leireist\u00e4 ja tapahtumista nettisivuillaan sek\u00e4 j\u00e4senyhdistyksilleen s\u00e4hk\u00f6postilla ja fb.<\/p>\n<p>Seura jakaa tarvittaessa tietoa my\u00f6s muille tahoille.<\/p>\n<p>Seura\u00a0 pit\u00e4\u00e4 yhteytt\u00e4 kansainv\u00e4lisiin lajiliittoihin kuulumalla Suomen Wushu-liittoon ja Suomen Daoyin Yang Sheng Gong -liittoon ja tiedottaa j\u00e4senilleen lajien kansainv\u00e4lisist\u00e4 tapahtumista.<\/p>\n<p>KOULUTUS- JA LEIRITOIMINTA<\/p>\n<p>Seura kutsuu syksyll\u00e4 Wushu-liiton p\u00e4\u00e4valmentajan Zhang Fangin Ouluun pit\u00e4m\u00e4\u00e4n viikonloppuleirin. Lis\u00e4ksi seuran ohjaajat osallistuvat mahdollisiin Wushu-liiton j\u00e4rjest\u00e4miin ohjaajakoulutuksiin.<\/p>\n<p>KILPAILUTOIMINTA<\/p>\n<p>Oulun Taijiseuran joukkue osallistuu mahdollisuuksien mukaan lajien kansainv\u00e4lisiin ja kotimaisiin kilpailuihin.<\/p>\n<p>&nbsp;<\/p>\n\n\n<p><\/p>\n","protected":false},"excerpt":{"rendered":"<p>OULUN TAIJISEURA RY TOIMINTASUUNNITELMA VUODELLE 2025 YLEIST\u00c4 Oulun Taijiseura ry pyrkii vuoden 2025 toiminnallaan edist\u00e4m\u00e4\u00e4n wushu-lajien ja qigongin tunnettavuutta ja harrastusmahdollisuuksia Oulussa. Tavoitteisiin pyrit\u00e4\u00e4n j\u00e4rjest\u00e4m\u00e4ll\u00e4\u00a0 Taijiquan, Dyysg-, DYKY\u00a0 ja Terveys-qigong kursseja, s\u00e4\u00e4nn\u00f6llisi\u00e4 viikottaisia harjoituksia j\u00e4senille sek\u00e4 kes\u00e4aikaan kaikille avoimia ja ilmaisia kursseja Ainolan puistossa kahdesti viikossa. Lis\u00e4ksi seura osallistuu mahdollisuuksien mukaan erilaisiin julkisiin tapahtumiin. Seura [&hellip;]<\/p>\n","protected":false},"author":5,"featured_media":0,"parent":0,"menu_order":0,"comment_status":"closed","ping_status":"closed","template":"template_fullwidth.php","meta":{"footnotes":""},"class_list":["post-2651","page","type-page","status-publish","hentry"],"_links":{"self":[{"href":"https:\/\/ouluntaiji.fi\/2014\/wp-json\/wp\/v2\/pages\/2651","targetHints":{"allow":["GET"]}}],"collection":[{"href":"https:\/\/ouluntaiji.fi\/2014\/wp-json\/wp\/v2\/pages"}],"about":[{"href":"https:\/\/ouluntaiji.fi\/2014\/wp-json\/wp\/v2\/types\/page"}],"author":[{"embeddable":true,"href":"https:\/\/ouluntaiji.fi\/2014\/wp-json\/wp\/v2\/users\/5"}],"replies":[{"embeddable":true,"href":"https:\/\/ouluntaiji.fi\/2014\/wp-json\/wp\/v2\/comments?post=2651"}],"version-history":[{"count":13,"href":"https:\/\/ouluntaiji.fi\/2014\/wp-json\/wp\/v2\/pages\/2651\/revisions"}],"predecessor-version":[{"id":3931,"href":"https:\/\/ouluntaiji.fi\/2014\/wp-json\/wp\/v2\/pages\/2651\/revisions\/3931"}],"wp:attachment":[{"href":"https:\/\/ouluntaiji.fi\/2014\/wp-json\/wp\/v2\/media?parent=2651"}],"curies":[{"name":"wp","href":"https:\/\/api.w.org\/{rel}","templated":true}]}}