{"id":25,"date":"2014-01-18T22:28:14","date_gmt":"2014-01-18T20:28:14","guid":{"rendered":"http:\/\/www.ouluntaiji.fi\/2014\/?page_id=25"},"modified":"2021-09-04T20:48:12","modified_gmt":"2021-09-04T17:48:12","slug":"hinnasto","status":"publish","type":"page","link":"https:\/\/ouluntaiji.fi\/2014\/hinnasto\/","title":{"rendered":"Kurssit ja tapahtumat"},"content":{"rendered":"<p>Seurassamme on mahdollisuus harjoitella seuraavia lajeja:<\/p>\n<ul>\n<li><strong>KLASSINEN TAIJI<\/strong><\/li>\n<li><strong>PERINTEINEN TAIJI<\/strong><\/li>\n<li><strong>YANGSHENG TAIJI\u00a0 (dyysg)<\/strong><\/li>\n<li><strong>DAOYIN YANGSHENG GONG -QIGONG (dyysg)<\/strong><\/li>\n<li><strong>TERVEYS-QIGONG<\/strong><\/li>\n<\/ul>\n<p>Katso lajiesittelyt <strong><a href=\"https:\/\/ouluntaiji.fi\/2014\/lajiesittelyt\/\">t\u00e4\u00e4lt\u00e4<\/a>.<\/strong><\/p>\n<p>Katso kuluvan kauden kurssit <strong><a href=\"https:\/\/ouluntaiji.fi\/2014\/hinnasto\/kurssit\/\">t\u00e4\u00e4lt\u00e4.<\/a><\/strong><\/p>\n<p>J\u00e4rjest\u00e4mme lis\u00e4ksi <b>QIGONG- JA TAIJILEIREJ\u00c4 <\/b>ja muita tapahtumia, joista ilmoittelemme sek\u00e4 t\u00e4\u00e4ll\u00e4 ett\u00e4 facebookissa.<\/p>\n<p>Katso leiri- ja tapahtumalinkit <strong><a href=\"https:\/\/ouluntaiji.fi\/2014\/tapahtumia-2017\/\">t\u00e4\u00e4lt\u00e4.<\/a><\/strong><\/p>\n<p>L\u00e4mpim\u00e4sti Tervetuloa mukaan!<\/p>\n\n\n<p><\/p>\n","protected":false},"excerpt":{"rendered":"<p>Seurassamme on mahdollisuus harjoitella seuraavia lajeja: KLASSINEN TAIJI PERINTEINEN TAIJI YANGSHENG TAIJI\u00a0 (dyysg) DAOYIN YANGSHENG GONG -QIGONG (dyysg) TERVEYS-QIGONG Katso lajiesittelyt t\u00e4\u00e4lt\u00e4. Katso kuluvan kauden kurssit t\u00e4\u00e4lt\u00e4. J\u00e4rjest\u00e4mme lis\u00e4ksi QIGONG- JA TAIJILEIREJ\u00c4 ja muita tapahtumia, joista ilmoittelemme sek\u00e4 t\u00e4\u00e4ll\u00e4 ett\u00e4 facebookissa. Katso leiri- ja tapahtumalinkit t\u00e4\u00e4lt\u00e4. L\u00e4mpim\u00e4sti Tervetuloa mukaan!<\/p>\n","protected":false},"author":1,"featured_media":0,"parent":0,"menu_order":0,"comment_status":"closed","ping_status":"open","template":"template_fullwidth.php","meta":{"footnotes":""},"class_list":["post-25","page","type-page","status-publish","hentry"],"_links":{"self":[{"href":"https:\/\/ouluntaiji.fi\/2014\/wp-json\/wp\/v2\/pages\/25","targetHints":{"allow":["GET"]}}],"collection":[{"href":"https:\/\/ouluntaiji.fi\/2014\/wp-json\/wp\/v2\/pages"}],"about":[{"href":"https:\/\/ouluntaiji.fi\/2014\/wp-json\/wp\/v2\/types\/page"}],"author":[{"embeddable":true,"href":"https:\/\/ouluntaiji.fi\/2014\/wp-json\/wp\/v2\/users\/1"}],"replies":[{"embeddable":true,"href":"https:\/\/ouluntaiji.fi\/2014\/wp-json\/wp\/v2\/comments?post=25"}],"version-history":[{"count":108,"href":"https:\/\/ouluntaiji.fi\/2014\/wp-json\/wp\/v2\/pages\/25\/revisions"}],"predecessor-version":[{"id":3679,"href":"https:\/\/ouluntaiji.fi\/2014\/wp-json\/wp\/v2\/pages\/25\/revisions\/3679"}],"wp:attachment":[{"href":"https:\/\/ouluntaiji.fi\/2014\/wp-json\/wp\/v2\/media?parent=25"}],"curies":[{"name":"wp","href":"https:\/\/api.w.org\/{rel}","templated":true}]}}