{"id":23,"date":"2014-01-18T22:24:49","date_gmt":"2014-01-18T20:24:49","guid":{"rendered":"http:\/\/www.ouluntaiji.fi\/2014\/?page_id=23"},"modified":"2018-08-24T00:43:04","modified_gmt":"2018-08-23T21:43:04","slug":"tietoa-seurasta","status":"publish","type":"page","link":"https:\/\/ouluntaiji.fi\/2014\/tietoa-seurasta\/","title":{"rendered":"Tietoa seurasta"},"content":{"rendered":"<table style=\"border: 1px solid #ffffff;\" border=\"0\">\n<tbody>\n<tr>\n<td style=\"border: 1px solid #ffffff;\"><a href=\"http:\/\/www.ouluntaiji.fi\/2014\/wp-content\/uploads\/2014\/01\/Tietoa001.jpg\"><img loading=\"lazy\" decoding=\"async\" class=\"alignright size-medium wp-image-626\" src=\"http:\/\/www.ouluntaiji.fi\/2014\/wp-content\/uploads\/2014\/01\/Tietoa001-450x300.jpg\" alt=\"Tietoa001\" width=\"450\" height=\"300\" \/><\/a>Oulun Taiji-seura on vuonna 1992 perustettu, voittoa tavoittelematon <a title=\"FIWUF\" href=\"http:\/\/www.fiwuf.com\/\" target=\"_blank\" rel=\"noopener noreferrer\">Suomen<\/a> Wushu-liiton, <a href=\"http:\/\/www.ihqfo.org\/index.php\" target=\"_blank\" rel=\"noopener\">International Health Qigong Federation<\/a> ja <a href=\"http:\/\/dyysg.fi\/sivut\/\" target=\"_blank\" rel=\"noopener\">Suomen Daoyin Yang Sheng Gong -liiton<\/a> j\u00e4senseura. Harjoitustoiminnan lis\u00e4ksi j\u00e4rjest\u00e4mme opetusta my\u00f6s seuran ulkopuolisille ryhmille ja osallistumme erilaisiin kulttuuritapahtumiin Oulun alueella mm. n\u00e4yt\u00f6sten muodossa. Seurallamme on runsaasti harjoitusvuoroja kes\u00e4- ja syyslukukausittain niin vasta-alkajille kuin pidemp\u00e4\u00e4n harrastaneille sek\u00e4 kes\u00e4ll\u00e4 j\u00e4rjest\u00e4mme kaikille avoimia, maksuttomia harjoituksia Ainolan puistossa.<\/p>\n<p>Opetuksemme perustuu p\u00e4\u00e4osin <a title=\"Chinese Wushu Association\" href=\"http:\/\/www.wushu.com.cn\/\" target=\"_blank\" rel=\"noopener noreferrer\">Chinese Wushu Associationin<\/a> sek\u00e4 <a title=\"CHQGA\" href=\"http:\/\/jsqg.sport.org.cn\/en\/\" target=\"_blank\" rel=\"noopener noreferrer\">Chinese Health Qigong Associationin<\/a>\u00a0standardisoimiin, kansainv\u00e4lisesti tunnettuihin Taiji-kilpasarjoihin ja terveysvaikutteisiin Taiji- &amp; Qigong-liikesarjoihin joita opettaa p\u00e4\u00e4opettajamme <a title=\"Zhang Fang\" href=\"http:\/\/www.taijiquan.fi\/fi\/opettajat\/shifu-zhang-fang\/\" target=\"_blank\" rel=\"noopener noreferrer\">shifu Zhang Fang<\/a>. Lis\u00e4ksi seurassamme opetetaan <a href=\"https:\/\/ouluntaiji.fi\/2014\/dao-yin-yang-sheng-gong-dyysg\/\" target=\"_blank\" rel=\"noopener\">Daoyin Yangsheng Gong<\/a> -qigong j\u00e4rjestelm\u00e4\u00e4 (DYYSG), joka on Pekingin urheiluyliopiston professori Zhang Guangde:n luoma laaja j\u00e4rjestelm\u00e4, joka nivoutuu kiinte\u00e4sti perinteiseen kiinalaiseen l\u00e4\u00e4ketieteeseen.<\/p>\n<p>P\u00e4\u00e4opettajamme\u00a0<em>shifu<\/em>\u00a0(mestari)\u00a0Zhang Fang\u00a0vierailee seurassamme yleens\u00e4 kaksi kertaa vuodessa j\u00e4rjest\u00e4m\u00e4ll\u00e4 viikonlopun yli kest\u00e4v\u00e4n intensiivikurssin ajankohtaisista liikesarjoista.<\/p>\n<figure id=\"attachment_673\" aria-describedby=\"caption-attachment-673\" style=\"width: 590px\" class=\"wp-caption alignnone\"><img loading=\"lazy\" decoding=\"async\" class=\"wp-image-673 size-large\" src=\"https:\/\/ouluntaiji.fi\/2014\/wp-content\/uploads\/2014\/05\/DSCN1583-1000x666.jpg\" alt=\"\" width=\"590\" height=\"393\" srcset=\"https:\/\/ouluntaiji.fi\/2014\/wp-content\/uploads\/2014\/05\/DSCN1583-1000x666.jpg 1000w, https:\/\/ouluntaiji.fi\/2014\/wp-content\/uploads\/2014\/05\/DSCN1583-500x333.jpg 500w, https:\/\/ouluntaiji.fi\/2014\/wp-content\/uploads\/2014\/05\/DSCN1583.jpg 2048w\" sizes=\"auto, (max-width: 590px) 100vw, 590px\" \/><figcaption id=\"caption-attachment-673\" class=\"wp-caption-text\">Shifu Zhang Fang<\/figcaption><\/figure>\n<p>&nbsp;<\/p>\n<p><a href=\"https:\/\/ouluntaiji.fi\/2014\/dao-yin-yang-sheng-gong-dyysg\/\" target=\"_blank\" rel=\"noopener\">Daoyin Yangsheng Gong<\/a> -qigongissa olemme onnistuneet saamaan mestari Zhuang Yongchangin Pekingin urheiluyliopistosta jo kolme kertaa Ouluun.<\/p>\n<figure id=\"attachment_2539\" aria-describedby=\"caption-attachment-2539\" style=\"width: 590px\" class=\"wp-caption alignnone\"><img loading=\"lazy\" decoding=\"async\" class=\"wp-image-2539 size-large\" src=\"https:\/\/ouluntaiji.fi\/2014\/wp-content\/uploads\/2017\/01\/15895911_10211707621436575_6505705742383973278_o-1000x531.jpg\" alt=\"\" width=\"590\" height=\"313\" srcset=\"https:\/\/ouluntaiji.fi\/2014\/wp-content\/uploads\/2017\/01\/15895911_10211707621436575_6505705742383973278_o-1000x531.jpg 1000w, https:\/\/ouluntaiji.fi\/2014\/wp-content\/uploads\/2017\/01\/15895911_10211707621436575_6505705742383973278_o-500x265.jpg 500w, https:\/\/ouluntaiji.fi\/2014\/wp-content\/uploads\/2017\/01\/15895911_10211707621436575_6505705742383973278_o-768x408.jpg 768w, https:\/\/ouluntaiji.fi\/2014\/wp-content\/uploads\/2017\/01\/15895911_10211707621436575_6505705742383973278_o.jpg 2048w\" sizes=\"auto, (max-width: 590px) 100vw, 590px\" \/><figcaption id=\"caption-attachment-2539\" class=\"wp-caption-text\">Mestari Zhuang Yongchang<\/figcaption><\/figure>\n<p>Oululaiset ovat osallistuneet Zhang Fangin leireille my\u00f6s Helsingiss\u00e4, Jyv\u00e4skyl\u00e4ss\u00e4, Kuopiossa, Sein\u00e4joella ja jopa p\u00e4\u00e4sseet retkelle\u00a0opiskelemaan lajia Kiinaan, <a title=\"Wushu-liiton artikkeli Kiinanmatkalta\" href=\"http:\/\/finnishwushufederation.blogspot.fi\/2013\/08\/founding-finnish-wushu-federation.html\" target=\"_blank\" rel=\"noopener noreferrer\">Wuhanin urheiluyliopistoon<\/a>.<\/p>\n<p><em>Shifu<\/em>\u00a0Zhang toimii ammatikseen taiji- ja wushu-opettajana Helsingiss\u00e4. H\u00e4n on Suomen Wushu-liiton sek\u00e4 <a title=\"Helsingin Wushu\" href=\"http:\/\/www.taijiquan.fi\" target=\"_blank\" rel=\"noopener noreferrer\">Helsingin Wushu-keskuksen<\/a> p\u00e4\u00e4valmentaja ja perustajaj\u00e4sen. Muita Suomen Wushu-liiton j\u00e4senseuroja ovat mm. Jyv\u00e4skyl\u00e4l\u00e4inen\u00a0<a href=\"https:\/\/sites.google.com\/site\/taijijigotai\/home\">Jigotai ry<\/a>,\u00a0<a href=\"http:\/\/www.kuopiontaijiquan.net\/Etusivu.php?p=Etusivu\">Kuopion Taijiquan ry<\/a>,\u00a0<a href=\"http:\/\/sanbao.fi\">Sanbao J\u00e4rvenp\u00e4\u00e4 ry<\/a>,\u00a0<a href=\"http:\/\/www.lappeenrannantaiji.com\/\">Lappeenrannan Taiji hu bian ry<\/a>\u00a0sek\u00e4 Sein\u00e4joen\u00a0<a href=\"http:\/\/www.wushuseinajoki.fi\/\">Virusm\u00e4en Wushu ry<\/a>.<\/p>\n<p>&nbsp;<\/td>\n<\/tr>\n<\/tbody>\n<\/table>\n","protected":false},"excerpt":{"rendered":"<p>Oulun Taiji-seura on vuonna 1992 perustettu, voittoa tavoittelematon Suomen Wushu-liiton, International Health Qigong Federation ja Suomen Daoyin Yang Sheng Gong -liiton j\u00e4senseura. Harjoitustoiminnan lis\u00e4ksi j\u00e4rjest\u00e4mme opetusta my\u00f6s seuran ulkopuolisille ryhmille ja osallistumme erilaisiin kulttuuritapahtumiin Oulun alueella mm. n\u00e4yt\u00f6sten muodossa. Seurallamme on runsaasti harjoitusvuoroja kes\u00e4- ja syyslukukausittain niin vasta-alkajille kuin pidemp\u00e4\u00e4n harrastaneille sek\u00e4 kes\u00e4ll\u00e4 j\u00e4rjest\u00e4mme kaikille [&hellip;]<\/p>\n","protected":false},"author":1,"featured_media":0,"parent":0,"menu_order":0,"comment_status":"closed","ping_status":"open","template":"template_fullwidth.php","meta":{"footnotes":""},"class_list":["post-23","page","type-page","status-publish","hentry"],"_links":{"self":[{"href":"https:\/\/ouluntaiji.fi\/2014\/wp-json\/wp\/v2\/pages\/23","targetHints":{"allow":["GET"]}}],"collection":[{"href":"https:\/\/ouluntaiji.fi\/2014\/wp-json\/wp\/v2\/pages"}],"about":[{"href":"https:\/\/ouluntaiji.fi\/2014\/wp-json\/wp\/v2\/types\/page"}],"author":[{"embeddable":true,"href":"https:\/\/ouluntaiji.fi\/2014\/wp-json\/wp\/v2\/users\/1"}],"replies":[{"embeddable":true,"href":"https:\/\/ouluntaiji.fi\/2014\/wp-json\/wp\/v2\/comments?post=23"}],"version-history":[{"count":21,"href":"https:\/\/ouluntaiji.fi\/2014\/wp-json\/wp\/v2\/pages\/23\/revisions"}],"predecessor-version":[{"id":3046,"href":"https:\/\/ouluntaiji.fi\/2014\/wp-json\/wp\/v2\/pages\/23\/revisions\/3046"}],"wp:attachment":[{"href":"https:\/\/ouluntaiji.fi\/2014\/wp-json\/wp\/v2\/media?parent=23"}],"curies":[{"name":"wp","href":"https:\/\/api.w.org\/{rel}","templated":true}]}}