{"id":2089,"date":"2016-05-03T18:43:12","date_gmt":"2016-05-03T15:43:12","guid":{"rendered":"http:\/\/ouluntaiji.fi\/2014\/?page_id=2089"},"modified":"2016-05-03T18:43:12","modified_gmt":"2016-05-03T15:43:12","slug":"blogi","status":"publish","type":"page","link":"https:\/\/ouluntaiji.fi\/2014\/blogi\/","title":{"rendered":"Blogi"},"content":{"rendered":"<ul class=\"display-posts-listing\"><li class=\"listing-item\"><a class=\"title\" href=\"https:\/\/ouluntaiji.fi\/2014\/kevatkauden-2026-harjoitukset\/\">Kev\u00e4tkauden 2026 harjoitukset<\/a><\/li><li class=\"listing-item\"><a class=\"title\" href=\"https:\/\/ouluntaiji.fi\/2014\/kesakauden-paatos-ja-syyskauden-2025-aloitus\/\">Kes\u00e4kauden p\u00e4\u00e4t\u00f6s ja syyskauden 2025 aloitus<\/a><\/li><li class=\"listing-item\"><a class=\"title\" href=\"https:\/\/ouluntaiji.fi\/2014\/2025-kevatkausi\/\">2025 kev\u00e4tkausi<\/a><\/li><li class=\"listing-item\"><a class=\"title\" href=\"https:\/\/ouluntaiji.fi\/2014\/oulun-taiji-seuran-syyskausi-alkaa\/\">Oulun Taiji-seuran syyskausi alkaa!<\/a><\/li><li class=\"listing-item\"><a class=\"title\" href=\"https:\/\/ouluntaiji.fi\/2014\/kevaan-2024-kausi\/\">Kev\u00e4\u00e4n 2024 kausi<\/a><\/li><li class=\"listing-item\"><a class=\"title\" href=\"https:\/\/ouluntaiji.fi\/2014\/syyskauden-2023-aloitus\/\">Syyskauden 2023 aloitus<\/a><\/li><li class=\"listing-item\"><a class=\"title\" href=\"https:\/\/ouluntaiji.fi\/2014\/kesakauden-paatos-ja-perinteinen-piknik\/\">Kes\u00e4kauden p\u00e4\u00e4t\u00f6s ja perinteinen piknik<\/a><\/li><li class=\"listing-item\"><a class=\"title\" href=\"https:\/\/ouluntaiji.fi\/2014\/kesan-puistoharjoitukset-ainolan-puistossa\/\">Kes\u00e4n puistoharjoitukset Ainolan puistossa<\/a><\/li><li class=\"listing-item\"><a class=\"title\" href=\"https:\/\/ouluntaiji.fi\/2014\/kevaan-2023-harjoitukset\/\">Kev\u00e4\u00e4n 2023 harjoitukset<\/a><\/li><li class=\"listing-item\"><a class=\"title\" href=\"https:\/\/ouluntaiji.fi\/2014\/tervetuloa-harjoittelemaan\/\">TERVETULOA HARJOITTELEMAAN!<\/a><\/li><\/ul>\n","protected":false},"excerpt":{"rendered":"","protected":false},"author":1,"featured_media":0,"parent":0,"menu_order":0,"comment_status":"closed","ping_status":"closed","template":"blog.php","meta":{"footnotes":""},"class_list":["post-2089","page","type-page","status-publish","hentry"],"_links":{"self":[{"href":"https:\/\/ouluntaiji.fi\/2014\/wp-json\/wp\/v2\/pages\/2089","targetHints":{"allow":["GET"]}}],"collection":[{"href":"https:\/\/ouluntaiji.fi\/2014\/wp-json\/wp\/v2\/pages"}],"about":[{"href":"https:\/\/ouluntaiji.fi\/2014\/wp-json\/wp\/v2\/types\/page"}],"author":[{"embeddable":true,"href":"https:\/\/ouluntaiji.fi\/2014\/wp-json\/wp\/v2\/users\/1"}],"replies":[{"embeddable":true,"href":"https:\/\/ouluntaiji.fi\/2014\/wp-json\/wp\/v2\/comments?post=2089"}],"version-history":[{"count":5,"href":"https:\/\/ouluntaiji.fi\/2014\/wp-json\/wp\/v2\/pages\/2089\/revisions"}],"predecessor-version":[{"id":2094,"href":"https:\/\/ouluntaiji.fi\/2014\/wp-json\/wp\/v2\/pages\/2089\/revisions\/2094"}],"wp:attachment":[{"href":"https:\/\/ouluntaiji.fi\/2014\/wp-json\/wp\/v2\/media?parent=2089"}],"curies":[{"name":"wp","href":"https:\/\/api.w.org\/{rel}","templated":true}]}}