{"id":18,"date":"2014-01-18T22:21:20","date_gmt":"2014-01-18T20:21:20","guid":{"rendered":"http:\/\/www.ouluntaiji.fi\/2014\/?page_id=18"},"modified":"2025-07-28T14:52:32","modified_gmt":"2025-07-28T11:52:32","slug":"ohjaajat-ja-hallitus","status":"publish","type":"page","link":"https:\/\/ouluntaiji.fi\/2014\/ohjaajat-ja-hallitus\/","title":{"rendered":"Ohjaajat ja hallitus"},"content":{"rendered":"<table style=\"border: 1px solid #ffffff;\" border=\"0\">\n<tbody>\n<tr>\n<td style=\"border: 1px solid #ffffff;\">\n<h1>Aki Korhonen<\/h1>\n<h4>Ohjaaja, seuran perustaja, puheenjohtaja<\/h4>\n<figure id=\"attachment_1434\" aria-describedby=\"caption-attachment-1434\" style=\"width: 407px\" class=\"wp-caption alignleft\"><a href=\"https:\/\/ouluntaiji.fi\/2014\/wp-content\/uploads\/2014\/01\/20150829_00394.jpg\"><img loading=\"lazy\" decoding=\"async\" class=\"wp-image-1434 \" src=\"https:\/\/ouluntaiji.fi\/2014\/wp-content\/uploads\/2014\/01\/20150829_00394-1000x667.jpg\" alt=\"20150829_00394\" width=\"407\" height=\"272\" srcset=\"https:\/\/ouluntaiji.fi\/2014\/wp-content\/uploads\/2014\/01\/20150829_00394-1000x667.jpg 1000w, https:\/\/ouluntaiji.fi\/2014\/wp-content\/uploads\/2014\/01\/20150829_00394-500x333.jpg 500w, https:\/\/ouluntaiji.fi\/2014\/wp-content\/uploads\/2014\/01\/20150829_00394.jpg 2048w\" sizes=\"auto, (max-width: 407px) 100vw, 407px\" \/><\/a><figcaption id=\"caption-attachment-1434\" class=\"wp-caption-text\">6th World Health Qigong Tournament, 29.8.2015 (Matosinhos, Porto, Portugal)<\/figcaption><\/figure>\n<p>Akia voidaan pit\u00e4\u00e4 oululaisen taijiharrastuksen is\u00e4n\u00e4 ja sieluna. Aki on harjoitellut taijia jo yli kaksi vuosikymment\u00e4. Sin\u00e4 aikana h\u00e4n on kehittynyt taitavaksi taijin osaajaksi ja opettajaksi ja innostanut lukuisia oululaisia taijiharrastuksen pariin.<\/p>\n<p>Aki aloitti taijin harjoittelun vuonna 1988. H\u00e4n kiinnostui taijin teoriasta, filosofiasta ja tutkiskelevasta harjoitusmetodista, ja nuoruuden harrastukset karate ja aikido saivat v\u00e4isty\u00e4. Aki harjoitteli 90-luvun alussa taijia ja\u00a0<i>qigong<\/i>ia Kiinassa kahdella matkallaan yhteens\u00e4 kaksi ja puoli kuukautta. Matkoilta palattuaan h\u00e4n tutustui Suomessa\u00a0<i>shifu<\/i>\u00a0Zhang Fangiin ja on ollut t\u00e4m\u00e4n oppilaana siit\u00e4 l\u00e4htien.<\/p>\n<p>Aki oli perustamassa Oulun Taiji-seuraa vuonna 1992, ja h\u00e4n toimi seuran puheenjohtajana kymmenisen vuotta. H\u00e4n on ollut mukana my\u00f6s Suomen Wushu-liiton puheenjohtajistossa (pj 2006, vpj 2007, pj 2009 , pj 2010) . Vuonna 2013-2017 h\u00e4n kuuluu Suomen Wushu-liiton hallitukseen ja on Suomen Wushu-liiton Terveys-Qigong-jaoston johtaja.<\/p>\n<p>Aki on suorittanut Suomen Wushu-liiton opettajap\u00e4tevyyden ja ohjannut lukuisia taijikursseja sek\u00e4 Oulun Taiji-seurassa ett\u00e4 Oulun kansalaisopiston senioritaijiryhmiss\u00e4. H\u00e4n on esitellyt taijia lukemattomissa eri tapahtumissa ja tilaisuuksia sek\u00e4 pit\u00e4nyt n\u00e4ytetunteja yrityksille ja yhteis\u00f6ille.<\/p>\n<figure id=\"attachment_2684\" aria-describedby=\"caption-attachment-2684\" style=\"width: 440px\" class=\"wp-caption alignright\"><img loading=\"lazy\" decoding=\"async\" class=\"wp-image-2684 size-full\" src=\"https:\/\/ouluntaiji.fi\/2014\/wp-content\/uploads\/2014\/01\/25-2-2016-Nikon-230-\u2013-Kopio1.jpg\" alt=\"\" width=\"440\" height=\"456\" \/><figcaption id=\"caption-attachment-2684\" class=\"wp-caption-text\">Professori Lei Binin kanssa Wudang vuoren kansainv\u00e4lisess\u00e4 Terveys Qigong-seminaarissa kev\u00e4\u00e4ll\u00e4 2016.<\/figcaption><\/figure>\n<p>Aki on my\u00f6s ansioitunut kilpailija. H\u00e4n on voittanut useita henkil\u00f6kohtaisia suomenmestaruuksia vuosien 2006, 2008 ja 2010 Suomenmestaruuskisoissa, sek\u00e4 Pohjoismaiden wushu-mestaruuskilpailujen hopeamitalin. Aki oli mukana my\u00f6s Oulun Taiji-seuran kultamitalijoukkueessa samaisissa Oslon PM-kilpailuissa. Vuoden 2010 SM-kisoissa Aki voitti kultaa Chen-tyylin taijiquanissa ett\u00e4 taijiquan ryhm\u00e4kilpailussa. Lis\u00e4ksi h\u00e4n oli mitaleilla taijijianissa ja perinteisten wushu-lajien sarjassa sek\u00e4 oli mukana 3. sijoittuneessa taijijian joukkueessa.<\/p>\n<p>Kes\u00e4ll\u00e4 2013 Aki oli Kiinassa Wuhanin urheiluyliopistossa Suomen Wushu-liiton matkalla ja harjoitteli siell\u00e4 5-el\u00e4imen terveysqigong-sarjaa professoreiden Shi Aiqiao:n ja Lei Bin:in sek\u00e4 opettaja Fan Xuefeng:in johdolla. Syksyll\u00e4 2013 h\u00e4n oli Portugalissa, Portossa, 2. Euroopan Terveys-qigong-ohjaajien seminaarissa, jossa opettajina olivat Pekingist\u00e4 professorit: rva Wang Yulin, hra Yang Bailong sek\u00e4 hra Hu Xiaofei. Opittavina sarjoina olivat Taiji Yang Sheng Zhang, Dao Yin Yang Sheng Shi Er Fa, Liu Zi Yue sek\u00e4 Shi Er Duan Jin.<\/p>\n<p>Hein\u00e4kuussa 2014 h\u00e4n oli Euroopan Terveys-qigong turnauksessa Belgian Monsissa. Sijoitukset joukkuekisoissa: 1.Mawangdui, 1.Wu qin xi. Henkil\u00f6kohtaiset sijoitukset: 1.Yi jin jing, 2.Wu qin xi, 1.Da wu, 2.Ma wang dui.<\/p>\n<p>Taijin ja terveys-qigongin lis\u00e4ksi Akin harrastuksiin kuuluvat kiinan kieli, kiinalainen kulttuuri.<\/p>\n<p>Kev\u00e4\u00e4ll\u00e4 2014 h\u00e4n k\u00e4vi Emei-vuorella kansainv\u00e4lisess\u00e4 Terveys-Qigong-seminaarissa, ja sen j\u00e4lkeen useissa kansainv\u00e4lisiss\u00e4 tapahtumissa Kiinassa ja Euroopassa, mm. 2016 Wudang-vuorella ja syksyll\u00e4 2016 Jiuhua-vuorella. Kev\u00e4\u00e4ll\u00e4 2017 h\u00e4n oli kolme viikkoa Pekingin Urheiluyliopistossa treenaamassa Dyysgi\u00e4.<\/p>\n<p>Kev\u00e4\u00e4ll\u00e4 2017 h\u00e4n tapasi professori Zhang Guangde:n, joka kannusti jatkamaan ja opettamaan h\u00e4nen j\u00e4rjestelm\u00e4\u00e4ns\u00e4 Daoyin Yangsheng gongia Suomessa. Oulun Taijiseurassa Dyysg onkin saanut l\u00e4mpim\u00e4n vastaanoton ja sit\u00e4 harjoitellaan t\u00e4ll\u00e4 hetkell\u00e4 kerran viikossa. Merkitt\u00e4v\u00e4 Dyysg-opettaja Akille ja Oululaisille on ZGD:n oppilas Zhuang Yongchang.<\/p>\n<figure id=\"attachment_2788\" aria-describedby=\"caption-attachment-2788\" style=\"width: 590px\" class=\"wp-caption alignnone\"><img loading=\"lazy\" decoding=\"async\" class=\"wp-image-2788 size-large\" src=\"https:\/\/ouluntaiji.fi\/2014\/wp-content\/uploads\/2017\/05\/IMG_20170321_162431-\u2013-kopio-1000x563.jpg\" alt=\"\" width=\"590\" height=\"332\" srcset=\"https:\/\/ouluntaiji.fi\/2014\/wp-content\/uploads\/2017\/05\/IMG_20170321_162431-\u2013-kopio-1000x563.jpg 1000w, https:\/\/ouluntaiji.fi\/2014\/wp-content\/uploads\/2017\/05\/IMG_20170321_162431-\u2013-kopio-250x141.jpg 250w, https:\/\/ouluntaiji.fi\/2014\/wp-content\/uploads\/2017\/05\/IMG_20170321_162431-\u2013-kopio-500x281.jpg 500w, https:\/\/ouluntaiji.fi\/2014\/wp-content\/uploads\/2017\/05\/IMG_20170321_162431-\u2013-kopio-768x432.jpg 768w, https:\/\/ouluntaiji.fi\/2014\/wp-content\/uploads\/2017\/05\/IMG_20170321_162431-\u2013-kopio.jpg 2048w\" sizes=\"auto, (max-width: 590px) 100vw, 590px\" \/><figcaption id=\"caption-attachment-2788\" class=\"wp-caption-text\">Tapaaminen prof. Zhang Guangden kanssa kev\u00e4\u00e4ll\u00e4 2017, Beijing.<\/figcaption><\/figure>\n<figure id=\"attachment_2900\" aria-describedby=\"caption-attachment-2900\" style=\"width: 590px\" class=\"wp-caption alignnone\"><img loading=\"lazy\" decoding=\"async\" class=\"size-large wp-image-2900\" src=\"https:\/\/ouluntaiji.fi\/2014\/wp-content\/uploads\/2014\/01\/DSC_1091-baojiangong-1000x954.jpg\" alt=\"\" width=\"590\" height=\"563\" srcset=\"https:\/\/ouluntaiji.fi\/2014\/wp-content\/uploads\/2014\/01\/DSC_1091-baojiangong-1000x954.jpg 1000w, https:\/\/ouluntaiji.fi\/2014\/wp-content\/uploads\/2014\/01\/DSC_1091-baojiangong-250x239.jpg 250w, https:\/\/ouluntaiji.fi\/2014\/wp-content\/uploads\/2014\/01\/DSC_1091-baojiangong-500x477.jpg 500w, https:\/\/ouluntaiji.fi\/2014\/wp-content\/uploads\/2014\/01\/DSC_1091-baojiangong-768x733.jpg 768w, https:\/\/ouluntaiji.fi\/2014\/wp-content\/uploads\/2014\/01\/DSC_1091-baojiangong.jpg 2048w\" sizes=\"auto, (max-width: 590px) 100vw, 590px\" \/><figcaption id=\"caption-attachment-2900\" class=\"wp-caption-text\">Daoyin yangsheng &#8211; harjoittelua Pekingin urheiluyliopistossa kev\u00e4\u00e4ll\u00e4 2017 Zhuang Yongchangin johdolla.<\/figcaption><\/figure>\n<p>Vuodesta 2021 l\u00e4htien Aki Korhonen on toiminut Pekingin urheiluyliopiston professori Hu Xiaofein kansainv\u00e4lisen koulun organisaattorina j\u00e4rjest\u00e4en h\u00e4nen online-kursseja sek\u00e4 kaksi prof. Hun vierailua Suomeen ja Ouluun.<\/p>\n<p><img loading=\"lazy\" decoding=\"async\" class=\"alignnone size-large wp-image-3939\" src=\"https:\/\/ouluntaiji.fi\/2014\/wp-content\/uploads\/2024\/08\/aki-ja-Hu-1000x750.jpg\" alt=\"\" width=\"580\" height=\"435\" srcset=\"https:\/\/ouluntaiji.fi\/2014\/wp-content\/uploads\/2024\/08\/aki-ja-Hu-1000x750.jpg 1000w, https:\/\/ouluntaiji.fi\/2014\/wp-content\/uploads\/2024\/08\/aki-ja-Hu-500x375.jpg 500w, https:\/\/ouluntaiji.fi\/2014\/wp-content\/uploads\/2024\/08\/aki-ja-Hu-250x188.jpg 250w, https:\/\/ouluntaiji.fi\/2014\/wp-content\/uploads\/2024\/08\/aki-ja-Hu-768x576.jpg 768w, https:\/\/ouluntaiji.fi\/2014\/wp-content\/uploads\/2024\/08\/aki-ja-Hu-1536x1152.jpg 1536w, https:\/\/ouluntaiji.fi\/2014\/wp-content\/uploads\/2024\/08\/aki-ja-Hu-1200x900.jpg 1200w, https:\/\/ouluntaiji.fi\/2014\/wp-content\/uploads\/2024\/08\/aki-ja-Hu.jpg 1920w\" sizes=\"auto, (max-width: 580px) 100vw, 580px\" \/><\/p>\n<p>Yhteystiedot:<br \/>\nakikorh(at)gmail.com \/\/\/ p.\u00a0040 5314163<\/td>\n<\/tr>\n<\/tbody>\n<\/table>\n<table style=\"border: 1px solid #ffffff;\" border=\"0\">\n<tbody>\n<tr>\n<td style=\"border: 1px solid #ffffff;\">\n<h1>Arto Alakulju<\/h1>\n<p><strong>Ohjaaja<\/strong><\/p>\n<p>Arto on kokenut ja aktiivinen harrastaja, joka hallitsee suurimman osan seuramme sarjoista niin klassisen taijin, dyysg-qigongin kuin Terveys-qigongin puoleltakin.<\/p>\n<h1>Liyun Zhang<\/h1>\n<h4>Opettaja<\/h4>\n<p><img loading=\"lazy\" decoding=\"async\" class=\"size-large wp-image-433 aligncenter\" src=\"https:\/\/ouluntaiji.fi\/2014\/wp-content\/uploads\/2014\/02\/2012.02.18-13.08.31-1000x750.jpg\" alt=\"\" width=\"590\" height=\"443\" srcset=\"https:\/\/ouluntaiji.fi\/2014\/wp-content\/uploads\/2014\/02\/2012.02.18-13.08.31-1000x750.jpg 1000w, https:\/\/ouluntaiji.fi\/2014\/wp-content\/uploads\/2014\/02\/2012.02.18-13.08.31-500x375.jpg 500w, https:\/\/ouluntaiji.fi\/2014\/wp-content\/uploads\/2014\/02\/2012.02.18-13.08.31.jpg 2048w\" sizes=\"auto, (max-width: 590px) 100vw, 590px\" \/><\/p>\n<p>Zhang Liyun, tai Liyun, kuten h\u00e4nt\u00e4 seurassamme kutsutaan, on Kiinan luonnontieteellisen akatemian wushu-seuran j\u00e4sen ja h\u00e4n kuuluu j\u00e4rjest\u00f6n tekniseen johtajistoon.<\/p>\n<p>Akatemian wushu-seura on Kiinan Wushuliiton j\u00e4senseura, johon kuuluu yli tuhat harrastajaa ja toistasataa ohjaajaa. Zhang on yksi j\u00e4rjest\u00f6n yhdeks\u00e4st\u00e4 toiseksi korkeimman tason ohjaajasta.<\/p>\n<p>J\u00e4rjest\u00f6 on esiintynyt kymmeniss\u00e4 suurissa taijin\u00e4yt\u00f6ksiss\u00e4, muun muassa wushun maailmanmestaruuskilpailuissa Pekingiss\u00e4 vuonna 2007.<\/p>\n<p>Zhang Liyun oppi ensimm\u00e4iset wushu-liikesarjansa ja qigong-harjoituksensa vanhemmiltaan 1990-luvulla. H\u00e4n aloitti taiji-harjoittelun vuonna 2003 ja on sen j\u00e4lkeen on harjoitellut lukuisten standardisoitujen liikesarjojen lis\u00e4ksi my\u00f6s perinteisi\u00e4 Yang-, Chen- sek\u00e4 Wu-tyylin liikesarjoja.<\/p>\n<p>Viimeisen viiden vuoden ajan h\u00e4n on keskittynyt etenkin taijin seisontaharjoituksiin opettajansa Zhang Zichenin johdolla. Zhang Zichen on Wu-tyylin ja Yang-tyylin vanhojen mestareiden oppilas, johon Zhang Liyun tutustui j\u00e4rjest\u00f6ns\u00e4 johtajan suosituksesta. Zhang Liyun esitteli seisontaharjoituksen my\u00f6s Oulun Taiji-seurassa kev\u00e4\u00e4ll\u00e4 2012 luennon ja k\u00e4yt\u00e4nn\u00f6n harjoitusten avulla. H\u00e4n opettaa syksyll\u00e4 2018 perinteist\u00e4 Wu- ja Yang-tyylil\u00e4.<\/td>\n<\/tr>\n<\/tbody>\n<\/table>\n<table style=\"border: 1px solid #ffffff;\" border=\"0\">\n<tbody>\n<tr>\n<td style=\"border: 1px solid #ffffff;\">\n<table style=\"border: 1px solid #ffffff;\" border=\"0\">\n<tbody>\n<tr>\n<td style=\"border: 1px solid #ffffff;\">\n<h1>Marita Pistemaa<\/h1>\n<h4>Ohjaaja<\/h4>\n<\/td>\n<\/tr>\n<\/tbody>\n<\/table>\n<p>Marita Pistemaa on seuran pitk\u00e4aikainen harrastaja ja monipuolinen ossaaja.<\/p>\n<hr \/>\n<h1>Hallitus 2025<\/h1>\n<ul>\n<li>\n<h4>Aki Korhonen, pj.<\/h4>\n<\/li>\n<li>\n<h4>Marita Pistemaa, vpj.<\/h4>\n<\/li>\n<li>\n<h4>Maria M\u00e4ntynen, siht.<\/h4>\n<\/li>\n<li>\n<h4>Arto Alakulju, rahastonhoitaja<\/h4>\n<\/li>\n<li>\n<h4>Minna Leinonen, j\u00e4sen<\/h4>\n<\/li>\n<li>\n<h4>Tarja Anttila, j\u00e4sen<\/h4>\n<\/li>\n<\/ul>\n<\/td>\n<\/tr>\n<\/tbody>\n<\/table>\n","protected":false},"excerpt":{"rendered":"<p>Aki Korhonen Ohjaaja, seuran perustaja, puheenjohtaja Akia voidaan pit\u00e4\u00e4 oululaisen taijiharrastuksen is\u00e4n\u00e4 ja sieluna. Aki on harjoitellut taijia jo yli kaksi vuosikymment\u00e4. Sin\u00e4 aikana h\u00e4n on kehittynyt taitavaksi taijin osaajaksi ja opettajaksi ja innostanut lukuisia oululaisia taijiharrastuksen pariin. Aki aloitti taijin harjoittelun vuonna 1988. H\u00e4n kiinnostui taijin teoriasta, filosofiasta ja tutkiskelevasta harjoitusmetodista, ja nuoruuden harrastukset [&hellip;]<\/p>\n","protected":false},"author":1,"featured_media":0,"parent":0,"menu_order":0,"comment_status":"closed","ping_status":"open","template":"template_fullwidth.php","meta":{"footnotes":""},"class_list":["post-18","page","type-page","status-publish","hentry"],"_links":{"self":[{"href":"https:\/\/ouluntaiji.fi\/2014\/wp-json\/wp\/v2\/pages\/18","targetHints":{"allow":["GET"]}}],"collection":[{"href":"https:\/\/ouluntaiji.fi\/2014\/wp-json\/wp\/v2\/pages"}],"about":[{"href":"https:\/\/ouluntaiji.fi\/2014\/wp-json\/wp\/v2\/types\/page"}],"author":[{"embeddable":true,"href":"https:\/\/ouluntaiji.fi\/2014\/wp-json\/wp\/v2\/users\/1"}],"replies":[{"embeddable":true,"href":"https:\/\/ouluntaiji.fi\/2014\/wp-json\/wp\/v2\/comments?post=18"}],"version-history":[{"count":70,"href":"https:\/\/ouluntaiji.fi\/2014\/wp-json\/wp\/v2\/pages\/18\/revisions"}],"predecessor-version":[{"id":3958,"href":"https:\/\/ouluntaiji.fi\/2014\/wp-json\/wp\/v2\/pages\/18\/revisions\/3958"}],"wp:attachment":[{"href":"https:\/\/ouluntaiji.fi\/2014\/wp-json\/wp\/v2\/media?parent=18"}],"curies":[{"name":"wp","href":"https:\/\/api.w.org\/{rel}","templated":true}]}}