{"id":1236,"date":"2015-06-11T13:12:22","date_gmt":"2015-06-11T10:12:22","guid":{"rendered":"http:\/\/ouluntaiji.fi\/2014\/?page_id=1236"},"modified":"2018-08-24T00:41:03","modified_gmt":"2018-08-23T21:41:03","slug":"yhteydenotto","status":"publish","type":"page","link":"https:\/\/ouluntaiji.fi\/2014\/yhteydenotto\/","title":{"rendered":"Palvelut ja yhteydenotto"},"content":{"rendered":"<h1>Taiji &amp; Qigong lyhyesti<\/h1>\n<p>Taijiquania harjoitellaan p\u00e4\u00e4asiassa terveyden, mielenterveyden, virkistyksen ja liikunnan takia. Liikkeiss\u00e4 pyrit\u00e4\u00e4n keskittym\u00e4\u00e4n kehon hallintaan ja sulavuuteen ja aika-ajoin ne vaativat voimaa ja notkeutta.<\/p>\n<p>Qigong k\u00e4sittelee kiinalaisia hengitys-, energia-, voimistelu- ja itsehoitomenetelmi\u00e4, jotka perustuvat perinteiseen l\u00e4\u00e4ketieteeseen. Lempe\u00e4t venyttelysarjat soveltuvat kaikenik\u00e4isille -taitoisille ja -kuntoisille. Seurassamme harjoitellaan sek\u00e4 Terveys-qigongia ett\u00e4 Daoyin Yangsheng Gong (dyysg) -qigongia.<\/p>\n<p>Katso tarkemmin <a href=\"https:\/\/ouluntaiji.fi\/2014\/lajiesittelyt\/\">lajiesittelyt.<\/a><\/p>\n<h1>Opetusta<\/h1>\n<p>Voit k\u00e4yd\u00e4 kokeilemassa lajia alkeiskurssilla tai esittelytunneilla. Ota selv\u00e4\u00e4 ja kysy milloin kannattaa tulla mukaan. Seuramme j\u00e4rjest\u00e4\u00e4 my\u00f6s yksityisopetusta muille seuroille, yhteis\u00f6ille tai yksityishenkil\u00f6ille.<\/p>\n<h1>N\u00e4yt\u00f6ksi\u00e4<\/h1>\n<p>Seuramme toimintaan kuuluu my\u00f6s esitykset ja osallistuminen yhteis\u00f6llisiin tapahtumiin, konsertteihin sek\u00e4 kulttuuritapahtumiin. Toimintamme on vapaaehtoista ja tapauskohtaista joten osallistumme esityksiin resurssien mukaan.<\/p>\n<h1>Leirej\u00e4<\/h1>\n<p>Vuosittain seuramme j\u00e4rjest\u00e4\u00e4 erityisi\u00e4 viikonloppuleirej\u00e4 joissa syvennyt\u00e4\u00e4n lajiin helsinkil\u00e4isen p\u00e4\u00e4opettajamme shifu Zhang Fangin johdolla. Seuran kautta voit osallistua my\u00f6s erikoistapahtumiin kuten Suomen Wushu-liiton kes\u00e4leireille ja muiden yhdistysten kursseille.<\/p>\n<p>&nbsp;<\/p>\n<h1>\u00a0Ota yhteytt\u00e4<\/h1>\n\n<div class=\"wpcf7 no-js\" id=\"wpcf7-f2086-o1\" lang=\"fi\" dir=\"ltr\" data-wpcf7-id=\"2086\">\n<div class=\"screen-reader-response\"><p role=\"status\" aria-live=\"polite\" aria-atomic=\"true\"><\/p> <ul><\/ul><\/div>\n<form action=\"\/2014\/wp-json\/wp\/v2\/pages\/1236#wpcf7-f2086-o1\" method=\"post\" class=\"wpcf7-form init\" aria-label=\"Yhteydenottolomake\" novalidate=\"novalidate\" data-status=\"init\">\n<fieldset class=\"hidden-fields-container\"><input type=\"hidden\" name=\"_wpcf7\" value=\"2086\" \/><input type=\"hidden\" name=\"_wpcf7_version\" value=\"6.1.5\" \/><input type=\"hidden\" name=\"_wpcf7_locale\" value=\"fi\" \/><input type=\"hidden\" name=\"_wpcf7_unit_tag\" value=\"wpcf7-f2086-o1\" \/><input type=\"hidden\" name=\"_wpcf7_container_post\" value=\"0\" \/><input type=\"hidden\" name=\"_wpcf7_posted_data_hash\" value=\"\" \/>\n<\/fieldset>\n<p>Nimi\n<\/p>\n<p><span class=\"wpcf7-form-control-wrap\" data-name=\"your-name\"><input size=\"40\" maxlength=\"400\" class=\"wpcf7-form-control wpcf7-text wpcf7-validates-as-required\" aria-required=\"true\" aria-invalid=\"false\" value=\"\" type=\"text\" name=\"your-name\" \/><\/span>\n<\/p>\n<p>S\u00e4hk\u00f6posti\n<\/p>\n<p><span class=\"wpcf7-form-control-wrap\" data-name=\"your-email\"><input size=\"40\" maxlength=\"400\" class=\"wpcf7-form-control wpcf7-email wpcf7-validates-as-required wpcf7-text wpcf7-validates-as-email\" aria-required=\"true\" aria-invalid=\"false\" value=\"\" type=\"email\" name=\"your-email\" \/><\/span>\n<\/p>\n<p>Viesti\n<\/p>\n<p><span class=\"wpcf7-form-control-wrap\" data-name=\"your-message\"><textarea cols=\"40\" rows=\"10\" maxlength=\"2000\" class=\"wpcf7-form-control wpcf7-textarea\" aria-invalid=\"false\" name=\"your-message\"><\/textarea><\/span>\n<\/p>\n<p>Mik\u00e4 puu on kello 18?\n<\/p>\n<p><span class=\"wpcf7-form-control-wrap\" data-name=\"quiz-105\"><label><span class=\"wpcf7-quiz-label\"><\/span> <input size=\"40\" class=\"wpcf7-form-control wpcf7-quiz\" autocomplete=\"off\" aria-required=\"true\" aria-invalid=\"false\" type=\"text\" name=\"quiz-105\" \/><\/label><input type=\"hidden\" name=\"_wpcf7_quiz_answer_quiz-105\" value=\"59bda54da4cedd7dae117255df0c27bd\" \/><\/span>\n<\/p>\n<p><input class=\"wpcf7-form-control wpcf7-submit has-spinner\" type=\"submit\" value=\"L\u00e4het\u00e4\" \/>\n<\/p><div class=\"wpcf7-response-output\" aria-hidden=\"true\"><\/div>\n<\/form>\n<\/div>\n\n<p>&nbsp;<\/p>\n<p>&nbsp;<\/p>\n","protected":false},"excerpt":{"rendered":"<p>Taiji &amp; Qigong lyhyesti Taijiquania harjoitellaan p\u00e4\u00e4asiassa terveyden, mielenterveyden, virkistyksen ja liikunnan takia. Liikkeiss\u00e4 pyrit\u00e4\u00e4n keskittym\u00e4\u00e4n kehon hallintaan ja sulavuuteen ja aika-ajoin ne vaativat voimaa ja notkeutta. Qigong k\u00e4sittelee kiinalaisia hengitys-, energia-, voimistelu- ja itsehoitomenetelmi\u00e4, jotka perustuvat perinteiseen l\u00e4\u00e4ketieteeseen. Lempe\u00e4t venyttelysarjat soveltuvat kaikenik\u00e4isille -taitoisille ja -kuntoisille. Seurassamme harjoitellaan sek\u00e4 Terveys-qigongia ett\u00e4 Daoyin Yangsheng Gong (dyysg) [&hellip;]<\/p>\n","protected":false},"author":1,"featured_media":0,"parent":0,"menu_order":0,"comment_status":"open","ping_status":"open","template":"template_fullwidth.php","meta":{"footnotes":""},"class_list":["post-1236","page","type-page","status-publish","hentry"],"_links":{"self":[{"href":"https:\/\/ouluntaiji.fi\/2014\/wp-json\/wp\/v2\/pages\/1236","targetHints":{"allow":["GET"]}}],"collection":[{"href":"https:\/\/ouluntaiji.fi\/2014\/wp-json\/wp\/v2\/pages"}],"about":[{"href":"https:\/\/ouluntaiji.fi\/2014\/wp-json\/wp\/v2\/types\/page"}],"author":[{"embeddable":true,"href":"https:\/\/ouluntaiji.fi\/2014\/wp-json\/wp\/v2\/users\/1"}],"replies":[{"embeddable":true,"href":"https:\/\/ouluntaiji.fi\/2014\/wp-json\/wp\/v2\/comments?post=1236"}],"version-history":[{"count":12,"href":"https:\/\/ouluntaiji.fi\/2014\/wp-json\/wp\/v2\/pages\/1236\/revisions"}],"predecessor-version":[{"id":3595,"href":"https:\/\/ouluntaiji.fi\/2014\/wp-json\/wp\/v2\/pages\/1236\/revisions\/3595"}],"wp:attachment":[{"href":"https:\/\/ouluntaiji.fi\/2014\/wp-json\/wp\/v2\/media?parent=1236"}],"curies":[{"name":"wp","href":"https:\/\/api.w.org\/{rel}","templated":true}]}}